{"id":3,"date":"2024-08-27T12:39:40","date_gmt":"2024-08-27T12:39:40","guid":{"rendered":"https:\/\/sanctuaryoftruthtickets.com\/?page_id=3"},"modified":"2025-01-16T05:41:43","modified_gmt":"2025-01-16T00:11:43","slug":"datenschutzrichtlinie","status":"publish","type":"page","link":"https:\/\/sanctuaryoftruthtickets.com\/de\/datenschutzrichtlinie\/","title":{"rendered":"Datenschutzrichtlinie"},"content":{"rendered":"<div data-elementor-type=\"wp-page\" data-elementor-id=\"3\" class=\"elementor elementor-3\" data-elementor-post-type=\"page\">\n\t\t\t\t\t\t<section data-particle_enable=\"false\" data-particle-mobile-disabled=\"false\" class=\"elementor-section elementor-top-section elementor-element elementor-element-dc0f9af elementor-section-boxed elementor-section-height-default elementor-section-height-default\" data-id=\"dc0f9af\" data-element_type=\"section\" data-e-type=\"section\">\n\t\t\t\t\t\t<div class=\"elementor-container elementor-column-gap-default\">\n\t\t\t\t\t<div class=\"elementor-column elementor-col-100 elementor-top-column elementor-element elementor-element-4ce1bb3\" data-id=\"4ce1bb3\" data-element_type=\"column\" data-e-type=\"column\">\n\t\t\t<div class=\"elementor-widget-wrap elementor-element-populated\">\n\t\t\t\t\t\t<div class=\"elementor-element elementor-element-feae045 elementor-widget elementor-widget-text-editor\" data-id=\"feae045\" data-element_type=\"widget\" data-e-type=\"widget\" data-widget_type=\"text-editor.default\">\n\t\t\t\t<div class=\"elementor-widget-container\">\n\t\t\t\t\t\t\t\t\t<h2 style=\"text-align: center;\"><span style=\"color: #000000;\">Datenschutzerkl\u00e4rung f\u00fcr <strong>Eintrittskarten f\u00fcr das Heiligtum der Wahrheit<\/strong><\/span><\/h2><p><span style=\"color: #000000;\">Bei <a href=\"https:\/\/sanctuaryoftruthtickets.com\/de\"><strong>Das Heiligtum der Wahrheit<\/strong><\/a>, betrieben von <strong>Triplyn-Ferien<\/strong>Wir verpflichten uns, Ihre Privatsph\u00e4re zu sch\u00fctzen und die Sicherheit Ihrer pers\u00f6nlichen Daten zu gew\u00e4hrleisten. Diese Datenschutzrichtlinie beschreibt, wie wir Ihre Daten sammeln, verwenden und sch\u00fctzen, wenn Sie mit unserer Website interagieren. <a style=\"color: #000000;\" href=\"https:\/\/sanctuaryoftruthtickets.com\/de\/\" target=\"_new\" rel=\"noopener\">https:\/\/sanctuaryoftruthtickets.com<\/a>.<\/span><\/p><hr \/><h3><span style=\"color: #000000;\">1. <strong>Von uns erfasste Daten<\/strong><\/span><\/h3><p><span style=\"color: #000000;\">Um Ihr Erlebnis zu verbessern und nahtlose Dienste bereitzustellen, erfassen wir die folgenden Arten von Daten:<\/span><\/p><ul><li><p><span style=\"color: #000000;\"><strong>Pers\u00f6nliche Angaben<\/strong>: Hierzu geh\u00f6ren Ihr Name, Ihre Kontaktdaten und Ihre E-Mail-Adresse, wenn Sie Ticketbuchungen vornehmen oder Anfragen stellen.<\/span><\/p><\/li><li><p><span style=\"color: #000000;\"><strong>Zahlungsdaten<\/strong>: Zahlungsinformationen werden sicher \u00fcber vertrauensw\u00fcrdige Systeme von Drittanbietern verarbeitet, um sicherzustellen, dass Ihre Finanzdaten gesch\u00fctzt sind.<\/span><\/p><\/li><li><p><span style=\"color: #000000;\"><strong>Informationen zur Site-Nutzung<\/strong>: Wir erfassen Daten wie IP-Adressen, Browsertypen und Cookies, um den Site-Verkehr zu analysieren, die Funktionalit\u00e4t zu verbessern und Ihr Surferlebnis zu optimieren.<\/span><\/p><\/li><\/ul><hr \/><h3><span style=\"color: #000000;\">2. <strong>Unsere Nutzung Ihrer Daten<\/strong><\/span><\/h3><p><span style=\"color: #000000;\">Wir verwenden Ihre Daten f\u00fcr folgende Zwecke:<\/span><\/p><ul><li><p><span style=\"color: #000000;\"><strong>Buchungsabwicklung<\/strong>: Zur Best\u00e4tigung und Bereitstellung von Dienstleistungen im Zusammenhang mit Ihrem Ticketkauf.<\/span><\/p><\/li><li><p><span style=\"color: #000000;\"><strong>Buchungsbest\u00e4tigung und Updates<\/strong>: Um Ihnen Buchungsbest\u00e4tigungen, Erinnerungen und Aktualisierungen zu Ihrem Besuch zu senden.<\/span><\/p><\/li><li><p><span style=\"color: #000000;\"><strong>Kundenservice<\/strong>: Um Ihre Anfragen zu beantworten und Ihnen bei Ihren Tickets und anderen Services behilflich zu sein.<\/span><\/p><\/li><li><p><span style=\"color: #000000;\"><strong>Website-Optimierung<\/strong>: Um die Website-Leistung und Ihr allgemeines Benutzererlebnis zu verbessern.<\/span><\/p><\/li><li><p><span style=\"color: #000000;\"><strong>Aktionen und Newsletter<\/strong>: Zum Senden relevanter Updates, Werbeaktionen und Angebote (nur mit Ihrer Zustimmung).<\/span><\/p><\/li><\/ul><hr \/><h3><span style=\"color: #000000;\">3. <strong>Datensicherheit<\/strong><\/span><\/h3><p><span style=\"color: #000000;\">Ihre Privatsph\u00e4re und Sicherheit haben f\u00fcr uns oberste Priorit\u00e4t. Wir verwenden <strong>SSL-Verschl\u00fcsselung<\/strong> und andere Sicherheitsma\u00dfnahmen, um Ihre pers\u00f6nlichen Daten vor unbefugtem Zugriff, \u00c4nderung oder Missbrauch zu sch\u00fctzen.<\/span><\/p><hr \/><h3><span style=\"color: #000000;\">4. <strong>Weitergabe Ihrer Informationen<\/strong><\/span><\/h3><ul><li><span style=\"color: #000000;\"><strong>Kein Verkauf personenbezogener Daten<\/strong>: Wir verkaufen oder teilen Ihre pers\u00f6nlichen Daten nicht mit unbefugten Dritten. Ihre Daten k\u00f6nnen an vertrauensw\u00fcrdige Partner wie Zahlungsabwickler weitergegeben werden, um Transaktionen sicher und effizient und unter vollst\u00e4ndiger Vertraulichkeit abzuwickeln.<\/span><\/li><\/ul><hr \/><h3><span style=\"color: #000000;\">5. <strong>Ihre Rechte<\/strong><\/span><\/h3><p><span style=\"color: #000000;\">Als Nutzer haben Sie das Recht:<\/span><\/p><ul><li><p><span style=\"color: #000000;\"><strong>Zugang<\/strong>: \u00dcberpr\u00fcfen Sie die Informationen, die wir \u00fcber Sie gesammelt haben.<\/span><\/p><\/li><li><p><span style=\"color: #000000;\"><strong>Korrektur<\/strong>: Fordern Sie Aktualisierungen oder Korrekturen f\u00fcr ungenaue Informationen an.<\/span><\/p><\/li><li><p><span style=\"color: #000000;\"><strong>Streichung<\/strong>: Fordern Sie die L\u00f6schung Ihrer Daten an, wenn diese f\u00fcr die bereitgestellten Dienste nicht mehr erforderlich sind.<\/span><\/p><\/li><li><p><span style=\"color: #000000;\"><strong>Opt-out<\/strong>: Sie k\u00f6nnen sich jederzeit von Marketingmitteilungen abmelden, indem Sie uns eine E-Mail an <a style=\"color: #000000;\" href=\"mailto:contact@sanctuaryoftruthtickets.com\" rel=\"noopener\">contact@sanctuaryoftruthtickets.com<\/a>.<\/span><\/p><\/li><\/ul><hr \/><h3><span style=\"color: #000000;\">6. <strong>Dieses Portal verwendet Cookies zur Optimierung der Browserfunktion. Informieren Sie sich, wie wir Cookies verwenden und wie Sie Ihre Einstellungen \u00e4ndern k\u00f6nnen.<\/strong><\/span><\/h3><p><span style=\"color: #000000;\">Wir verwenden Cookies, um Ihnen ein pers\u00f6nlicheres Surf-Erlebnis zu bieten. Cookies helfen uns dabei, die Benutzeraktivit\u00e4t zu analysieren und den Inhalt unserer Website zu optimieren. Sie k\u00f6nnen Ihre Cookie-Einstellungen jederzeit in den Browsereinstellungen anpassen.<\/span><\/p><hr \/><h3><span style=\"color: #000000;\">7. <strong>Links zu Drittanbietern<\/strong><\/span><\/h3><p><span style=\"color: #000000;\">Unsere Website kann Links zu externen Websites enthalten. Wir sind nicht f\u00fcr die Datenschutzpraktiken oder den Inhalt dieser Websites Dritter verantwortlich. Wir empfehlen, deren Datenschutzrichtlinien zu \u00fcberpr\u00fcfen, bevor Sie pers\u00f6nliche Daten angeben.<\/span><\/p><hr \/><h3><span style=\"color: #000000;\">8. <strong>Richtlinienaktualisierungen<\/strong><\/span><\/h3><p><span style=\"color: #000000;\">Diese Datenschutzrichtlinie kann regelm\u00e4\u00dfig aktualisiert werden, um \u00c4nderungen unserer Praktiken widerzuspiegeln. Alle Aktualisierungen werden auf dieser Seite ver\u00f6ffentlicht. Wir empfehlen Ihnen, diese Richtlinie regelm\u00e4\u00dfig zu \u00fcberpr\u00fcfen, um auf dem Laufenden zu bleiben, wie wir Ihre Daten sch\u00fctzen.<\/span><\/p><hr \/><h3><span style=\"color: #000000;\">9. <strong>Kontaktinformationen<\/strong><\/span><\/h3><p><span style=\"color: #000000;\">Bei Fragen zu dieser Datenschutzrichtlinie oder Ihren pers\u00f6nlichen Daten k\u00f6nnen Sie uns gerne wie folgt kontaktieren:<\/span><\/p><ul><li><span style=\"color: #000000;\"><strong>Name der Firma<\/strong>: Triplyn-Ferien<\/span><\/li><li><span style=\"color: #000000;\"><strong>E-Mail<\/strong>: <a style=\"color: #000000;\" href=\"mailto:contact@sanctuaryoftruthtickets.com\" rel=\"noopener\">contact@sanctuaryoftruthtickets.com<\/a><\/span><\/li><li><span style=\"color: #000000;\"><strong>Adresse<\/strong>: A-54, Keshopur Industrial Area, Vikaspuri, Neu-Delhi 110018, Indien<\/span><\/li><\/ul><hr \/><h3><span style=\"color: #000000;\">10. <strong>Einwilligung und Einhaltung gesetzlicher Vorschriften<\/strong><\/span><\/h3><p><span style=\"color: #000000;\">Durch die Nutzung unserer Website stimmen Sie der Erfassung und Verwendung Ihrer Daten gem\u00e4\u00df dieser Datenschutzrichtlinie zu. Wir halten uns an die geltenden Datenschutzgesetze, einschlie\u00dflich <strong>DSGVO<\/strong>, um sicherzustellen, dass Ihre Rechte gewahrt werden.<\/span><\/p><hr \/><h3><span style=\"color: #000000;\">11. <strong>Datenschutz f\u00fcr Kinder<\/strong><\/span><\/h3><p><span style=\"color: #000000;\">Wir erfassen wissentlich keine personenbezogenen Daten von Kindern unter 13 Jahren. Wenn uns bekannt wird, dass solche Daten erfasst wurden, ergreifen wir umgehend Ma\u00dfnahmen, um sie aus unseren Aufzeichnungen zu entfernen.<\/span><\/p><hr \/><h3><span style=\"color: #000000;\">12. <strong>Datenaufbewahrung<\/strong><\/span><\/h3><p><span style=\"color: #000000;\">Wir bewahren Ihre personenbezogenen Daten nur so lange auf, wie es f\u00fcr die Bereitstellung unserer Dienste erforderlich ist. Auf Ihren Wunsch zur Datenl\u00f6schung stellen wir sicher, dass Ihre Daten sicher aus unseren Systemen entfernt werden.<\/span><\/p><hr \/><p><span style=\"color: #000000;\">Bei <strong>Triplyn-Ferien<\/strong>Wir sind bestrebt, Ihre pers\u00f6nlichen Daten mit gr\u00f6\u00dfter Sorgfalt und Verantwortung zu verwalten und sicherzustellen, dass Ihre Erfahrung mit <strong>Der <a href=\"https:\/\/sanctuaryoftruthtickets.com\/de\">Eintrittskarten f\u00fcr das Heiligtum der Wahrheit<\/a><\/strong> ist sowohl sicher als auch angenehm.<\/span><\/p>\t\t\t\t\t\t\t\t<\/div>\n\t\t\t\t<\/div>\n\t\t\t\t\t<\/div>\n\t\t<\/div>\n\t\t\t\t\t<\/div>\n\t\t<\/section>\n\t\t\t\t<\/div>","protected":false},"excerpt":{"rendered":"<p>Privacy Policy for The Sanctuary of Truth Tickets At The Sanctuary of Truth, operated by Triplyn Holidays, we are committed to protecting your privacy and ensuring the security of your personal information. This Privacy Policy outlines how we collect, use, and protect your data when you interact with our website, https:\/\/sanctuaryoftruthtickets.com. 1. Information We Collect [&hellip;]<\/p>\n","protected":false},"author":1,"featured_media":0,"parent":0,"menu_order":0,"comment_status":"closed","ping_status":"open","template":"","meta":{"ocean_post_layout":"","ocean_both_sidebars_style":"","ocean_both_sidebars_content_width":0,"ocean_both_sidebars_sidebars_width":0,"ocean_sidebar":"","ocean_second_sidebar":"","ocean_disable_margins":"enable","ocean_add_body_class":"","ocean_shortcode_before_top_bar":"","ocean_shortcode_after_top_bar":"","ocean_shortcode_before_header":"","ocean_shortcode_after_header":"","ocean_has_shortcode":"","ocean_shortcode_after_title":"","ocean_shortcode_before_footer_widgets":"","ocean_shortcode_after_footer_widgets":"","ocean_shortcode_before_footer_bottom":"","ocean_shortcode_after_footer_bottom":"","ocean_display_top_bar":"default","ocean_display_header":"default","ocean_header_style":"","ocean_center_header_left_menu":"","ocean_custom_header_template":"","ocean_custom_logo":0,"ocean_custom_retina_logo":0,"ocean_custom_logo_max_width":0,"ocean_custom_logo_tablet_max_width":0,"ocean_custom_logo_mobile_max_width":0,"ocean_custom_logo_max_height":0,"ocean_custom_logo_tablet_max_height":0,"ocean_custom_logo_mobile_max_height":0,"ocean_header_custom_menu":"","ocean_menu_typo_font_family":"","ocean_menu_typo_font_subset":"","ocean_menu_typo_font_size":0,"ocean_menu_typo_font_size_tablet":0,"ocean_menu_typo_font_size_mobile":0,"ocean_menu_typo_font_size_unit":"px","ocean_menu_typo_font_weight":"","ocean_menu_typo_font_weight_tablet":"","ocean_menu_typo_font_weight_mobile":"","ocean_menu_typo_transform":"","ocean_menu_typo_transform_tablet":"","ocean_menu_typo_transform_mobile":"","ocean_menu_typo_line_height":0,"ocean_menu_typo_line_height_tablet":0,"ocean_menu_typo_line_height_mobile":0,"ocean_menu_typo_line_height_unit":"","ocean_menu_typo_spacing":0,"ocean_menu_typo_spacing_tablet":0,"ocean_menu_typo_spacing_mobile":0,"ocean_menu_typo_spacing_unit":"","ocean_menu_link_color":"","ocean_menu_link_color_hover":"","ocean_menu_link_color_active":"","ocean_menu_link_background":"","ocean_menu_link_hover_background":"","ocean_menu_link_active_background":"","ocean_menu_social_links_bg":"","ocean_menu_social_hover_links_bg":"","ocean_menu_social_links_color":"","ocean_menu_social_hover_links_color":"","ocean_disable_title":"default","ocean_disable_heading":"default","ocean_post_title":"","ocean_post_subheading":"","ocean_post_title_style":"","ocean_post_title_background_color":"","ocean_post_title_background":0,"ocean_post_title_bg_image_position":"","ocean_post_title_bg_image_attachment":"","ocean_post_title_bg_image_repeat":"","ocean_post_title_bg_image_size":"","ocean_post_title_height":0,"ocean_post_title_bg_overlay":0.5,"ocean_post_title_bg_overlay_color":"","ocean_disable_breadcrumbs":"default","ocean_breadcrumbs_color":"","ocean_breadcrumbs_separator_color":"","ocean_breadcrumbs_links_color":"","ocean_breadcrumbs_links_hover_color":"","ocean_display_footer_widgets":"default","ocean_display_footer_bottom":"default","ocean_custom_footer_template":"","footnotes":""},"class_list":["post-3","page","type-page","status-publish","hentry","entry","owp-thumbs-layout-horizontal","owp-btn-normal","owp-tabs-layout-horizontal","has-no-thumbnails","has-product-nav"],"yoast_head":"<!-- This site is optimized with the Yoast SEO plugin v27.3 - https:\/\/yoast.com\/product\/yoast-seo-wordpress\/ -->\n<title>Privacy Policy | The Sanctuary Of Truth Tickets<\/title>\n<meta name=\"description\" content=\"Read Our Privacy Policy To Learn How The Sanctuary Of Truth Tickets Protects Your Data. Your Trust Matters To Us For A Safe, Secure Booking.\" \/>\n<meta name=\"robots\" content=\"noindex, follow\" \/>\n<meta property=\"og:locale\" content=\"de_DE\" \/>\n<meta property=\"og:type\" content=\"article\" \/>\n<meta property=\"og:title\" content=\"Privacy Policy | The Sanctuary Of Truth Tickets\" \/>\n<meta property=\"og:description\" content=\"Read Our Privacy Policy To Learn How The Sanctuary Of Truth Tickets Protects Your Data. Your Trust Matters To Us For A Safe, Secure Booking.\" \/>\n<meta property=\"og:url\" content=\"https:\/\/sanctuaryoftruthtickets.com\/de\/datenschutzrichtlinie\/\" \/>\n<meta property=\"og:site_name\" content=\"The Sanctuary Of Truth\" \/>\n<meta property=\"article:modified_time\" content=\"2025-01-16T00:11:43+00:00\" \/>\n<meta name=\"twitter:card\" content=\"summary_large_image\" \/>\n<meta name=\"twitter:label1\" content=\"Gesch\u00e4tzte Lesezeit\" \/>\n\t<meta name=\"twitter:data1\" content=\"3\u00a0Minuten\" \/>\n<script type=\"application\/ld+json\" class=\"yoast-schema-graph\">{\"@context\":\"https:\\\/\\\/schema.org\",\"@graph\":[{\"@type\":\"WebPage\",\"@id\":\"https:\\\/\\\/sanctuaryoftruthtickets.com\\\/privacy-policy\\\/\",\"url\":\"https:\\\/\\\/sanctuaryoftruthtickets.com\\\/privacy-policy\\\/\",\"name\":\"Privacy Policy | The Sanctuary Of Truth Tickets\",\"isPartOf\":{\"@id\":\"https:\\\/\\\/sanctuaryoftruthtickets.com\\\/#website\"},\"datePublished\":\"2024-08-27T12:39:40+00:00\",\"dateModified\":\"2025-01-16T00:11:43+00:00\",\"description\":\"Read Our Privacy Policy To Learn How The Sanctuary Of Truth Tickets Protects Your Data. Your Trust Matters To Us For A Safe, Secure Booking.\",\"breadcrumb\":{\"@id\":\"https:\\\/\\\/sanctuaryoftruthtickets.com\\\/privacy-policy\\\/#breadcrumb\"},\"inLanguage\":\"de\",\"potentialAction\":[{\"@type\":\"ReadAction\",\"target\":[\"https:\\\/\\\/sanctuaryoftruthtickets.com\\\/privacy-policy\\\/\"]}]},{\"@type\":\"BreadcrumbList\",\"@id\":\"https:\\\/\\\/sanctuaryoftruthtickets.com\\\/privacy-policy\\\/#breadcrumb\",\"itemListElement\":[{\"@type\":\"ListItem\",\"position\":1,\"name\":\"Home\",\"item\":\"https:\\\/\\\/sanctuaryoftruthtickets.com\\\/\"},{\"@type\":\"ListItem\",\"position\":2,\"name\":\"Privacy Policy\"}]},{\"@type\":\"WebSite\",\"@id\":\"https:\\\/\\\/sanctuaryoftruthtickets.com\\\/#website\",\"url\":\"https:\\\/\\\/sanctuaryoftruthtickets.com\\\/\",\"name\":\"The Sanctuary Of Truth\",\"description\":\"\",\"publisher\":{\"@id\":\"https:\\\/\\\/sanctuaryoftruthtickets.com\\\/#organization\"},\"potentialAction\":[{\"@type\":\"SearchAction\",\"target\":{\"@type\":\"EntryPoint\",\"urlTemplate\":\"https:\\\/\\\/sanctuaryoftruthtickets.com\\\/?s={search_term_string}\"},\"query-input\":{\"@type\":\"PropertyValueSpecification\",\"valueRequired\":true,\"valueName\":\"search_term_string\"}}],\"inLanguage\":\"de\"},{\"@type\":\"Organization\",\"@id\":\"https:\\\/\\\/sanctuaryoftruthtickets.com\\\/#organization\",\"name\":\"The Sanctuary Of Truth\",\"url\":\"https:\\\/\\\/sanctuaryoftruthtickets.com\\\/\",\"logo\":{\"@type\":\"ImageObject\",\"inLanguage\":\"de\",\"@id\":\"https:\\\/\\\/sanctuaryoftruthtickets.com\\\/#\\\/schema\\\/logo\\\/image\\\/\",\"url\":\"https:\\\/\\\/sanctuaryoftruthtickets.com\\\/wp-content\\\/uploads\\\/2024\\\/08\\\/Sanctuary-Of-Truth.png\",\"contentUrl\":\"https:\\\/\\\/sanctuaryoftruthtickets.com\\\/wp-content\\\/uploads\\\/2024\\\/08\\\/Sanctuary-Of-Truth.png\",\"width\":350,\"height\":100,\"caption\":\"The Sanctuary Of Truth\"},\"image\":{\"@id\":\"https:\\\/\\\/sanctuaryoftruthtickets.com\\\/#\\\/schema\\\/logo\\\/image\\\/\"}}]}<\/script>\n<!-- \/ Yoast SEO plugin. -->","yoast_head_json":{"title":"Datenschutzrichtlinie | Tickets f\u00fcr The Sanctuary Of Truth","description":"Lesen Sie unsere Datenschutzrichtlinie, um zu erfahren, wie The Sanctuary Of Truth Tickets Ihre Daten sch\u00fctzt. Ihr Vertrauen ist uns wichtig, damit wir eine sichere Buchung gew\u00e4hrleisten k\u00f6nnen.","robots":{"index":"noindex","follow":"follow"},"og_locale":"de_DE","og_type":"article","og_title":"Privacy Policy | The Sanctuary Of Truth Tickets","og_description":"Read Our Privacy Policy To Learn How The Sanctuary Of Truth Tickets Protects Your Data. Your Trust Matters To Us For A Safe, Secure Booking.","og_url":"https:\/\/sanctuaryoftruthtickets.com\/de\/datenschutzrichtlinie\/","og_site_name":"The Sanctuary Of Truth","article_modified_time":"2025-01-16T00:11:43+00:00","twitter_card":"summary_large_image","twitter_misc":{"Gesch\u00e4tzte Lesezeit":"3\u00a0Minuten"},"schema":{"@context":"https:\/\/schema.org","@graph":[{"@type":"WebPage","@id":"https:\/\/sanctuaryoftruthtickets.com\/privacy-policy\/","url":"https:\/\/sanctuaryoftruthtickets.com\/privacy-policy\/","name":"Datenschutzrichtlinie | Tickets f\u00fcr The Sanctuary Of Truth","isPartOf":{"@id":"https:\/\/sanctuaryoftruthtickets.com\/#website"},"datePublished":"2024-08-27T12:39:40+00:00","dateModified":"2025-01-16T00:11:43+00:00","description":"Lesen Sie unsere Datenschutzrichtlinie, um zu erfahren, wie The Sanctuary Of Truth Tickets Ihre Daten sch\u00fctzt. Ihr Vertrauen ist uns wichtig, damit wir eine sichere Buchung gew\u00e4hrleisten k\u00f6nnen.","breadcrumb":{"@id":"https:\/\/sanctuaryoftruthtickets.com\/privacy-policy\/#breadcrumb"},"inLanguage":"de","potentialAction":[{"@type":"ReadAction","target":["https:\/\/sanctuaryoftruthtickets.com\/privacy-policy\/"]}]},{"@type":"BreadcrumbList","@id":"https:\/\/sanctuaryoftruthtickets.com\/privacy-policy\/#breadcrumb","itemListElement":[{"@type":"ListItem","position":1,"name":"Home","item":"https:\/\/sanctuaryoftruthtickets.com\/"},{"@type":"ListItem","position":2,"name":"Privacy Policy"}]},{"@type":"WebSite","@id":"https:\/\/sanctuaryoftruthtickets.com\/#website","url":"https:\/\/sanctuaryoftruthtickets.com\/","name":"Das Heiligtum der Wahrheit","description":"","publisher":{"@id":"https:\/\/sanctuaryoftruthtickets.com\/#organization"},"potentialAction":[{"@type":"SearchAction","target":{"@type":"EntryPoint","urlTemplate":"https:\/\/sanctuaryoftruthtickets.com\/?s={search_term_string}"},"query-input":{"@type":"PropertyValueSpecification","valueRequired":true,"valueName":"search_term_string"}}],"inLanguage":"de"},{"@type":"Organization","@id":"https:\/\/sanctuaryoftruthtickets.com\/#organization","name":"Das Heiligtum der Wahrheit","url":"https:\/\/sanctuaryoftruthtickets.com\/","logo":{"@type":"ImageObject","inLanguage":"de","@id":"https:\/\/sanctuaryoftruthtickets.com\/#\/schema\/logo\/image\/","url":"https:\/\/sanctuaryoftruthtickets.com\/wp-content\/uploads\/2024\/08\/Sanctuary-Of-Truth.png","contentUrl":"https:\/\/sanctuaryoftruthtickets.com\/wp-content\/uploads\/2024\/08\/Sanctuary-Of-Truth.png","width":350,"height":100,"caption":"The Sanctuary Of Truth"},"image":{"@id":"https:\/\/sanctuaryoftruthtickets.com\/#\/schema\/logo\/image\/"}}]}},"jetpack_sharing_enabled":true,"_links":{"self":[{"href":"https:\/\/sanctuaryoftruthtickets.com\/de\/wp-json\/wp\/v2\/pages\/3","targetHints":{"allow":["GET"]}}],"collection":[{"href":"https:\/\/sanctuaryoftruthtickets.com\/de\/wp-json\/wp\/v2\/pages"}],"about":[{"href":"https:\/\/sanctuaryoftruthtickets.com\/de\/wp-json\/wp\/v2\/types\/page"}],"author":[{"embeddable":true,"href":"https:\/\/sanctuaryoftruthtickets.com\/de\/wp-json\/wp\/v2\/users\/1"}],"replies":[{"embeddable":true,"href":"https:\/\/sanctuaryoftruthtickets.com\/de\/wp-json\/wp\/v2\/comments?post=3"}],"version-history":[{"count":27,"href":"https:\/\/sanctuaryoftruthtickets.com\/de\/wp-json\/wp\/v2\/pages\/3\/revisions"}],"predecessor-version":[{"id":3373,"href":"https:\/\/sanctuaryoftruthtickets.com\/de\/wp-json\/wp\/v2\/pages\/3\/revisions\/3373"}],"wp:attachment":[{"href":"https:\/\/sanctuaryoftruthtickets.com\/de\/wp-json\/wp\/v2\/media?parent=3"}],"curies":[{"name":"wp","href":"https:\/\/api.w.org\/{rel}","templated":true}]}}