{"id":2602,"date":"2024-10-17T07:09:30","date_gmt":"2024-10-17T01:39:30","guid":{"rendered":"https:\/\/sanctuaryoftruthtickets.com\/?page_id=2602"},"modified":"2025-01-16T05:39:56","modified_gmt":"2025-01-16T00:09:56","slug":"politica-de-reembolso-por-cancelacion","status":"publish","type":"page","link":"https:\/\/sanctuaryoftruthtickets.com\/es\/politica-de-reembolso-por-cancelacion\/","title":{"rendered":"Pol\u00edtica de cancelaci\u00f3n y reembolso"},"content":{"rendered":"<div data-elementor-type=\"wp-page\" data-elementor-id=\"2602\" class=\"elementor elementor-2602\" data-elementor-post-type=\"page\">\n\t\t\t\t\t\t<section data-particle_enable=\"false\" data-particle-mobile-disabled=\"false\" class=\"elementor-section elementor-top-section elementor-element elementor-element-dd1cff4 elementor-section-boxed elementor-section-height-default elementor-section-height-default\" data-id=\"dd1cff4\" data-element_type=\"section\" data-e-type=\"section\">\n\t\t\t\t\t\t<div class=\"elementor-container elementor-column-gap-default\">\n\t\t\t\t\t<div class=\"elementor-column elementor-col-100 elementor-top-column elementor-element elementor-element-66f8870\" data-id=\"66f8870\" data-element_type=\"column\" data-e-type=\"column\">\n\t\t\t<div class=\"elementor-widget-wrap elementor-element-populated\">\n\t\t\t\t\t\t<div class=\"elementor-element elementor-element-8bde37f elementor-widget elementor-widget-text-editor\" data-id=\"8bde37f\" data-element_type=\"widget\" data-e-type=\"widget\" data-widget_type=\"text-editor.default\">\n\t\t\t\t<div class=\"elementor-widget-container\">\n\t\t\t\t\t\t\t\t\t<h2 style=\"text-align: center;\"><span style=\"color: #000000;\">Pol\u00edtica de cancelaci\u00f3n y reembolso \u2013 Entradas para The Sanctuary of Truth<\/span><\/h2><p><span style=\"color: #000000;\">En <strong>El Santuario de la Verdad<\/strong>Nuestra prioridad es ofrecer una experiencia de reserva de entradas transparente y sin complicaciones. <strong>Pol\u00edtica de cancelaci\u00f3n y reembolso<\/strong> describe los pasos y condiciones para cancelaciones y reembolsos de reservas realizadas a trav\u00e9s de nuestro sitio web oficial, <a style=\"color: #000000;\" href=\"https:\/\/sanctuaryoftruthtickets.com\/es\/\" target=\"_new\" rel=\"noopener\">Santuario de la Verdad Tickets.com<\/a>.<\/span><\/p><h3><span style=\"color: #000000;\">1. <strong>Pol\u00edtica general de cancelaci\u00f3n<\/strong><\/span><\/h3><ul><li><p><span style=\"color: #000000;\"><strong>Aviso previo<\/strong>:Las cancelaciones deben ser solicitadas <strong>al menos 48 horas<\/strong> antes de su visita programada para ser elegible para un reembolso.<\/span><\/p><\/li><li><p><span style=\"color: #000000;\"><strong>C\u00f3mo solicitar la cancelaci\u00f3n<\/strong>:Para cancelar su reserva, env\u00edenos un correo electr\u00f3nico a <strong><a style=\"color: #000000;\" href=\"mailto:contact@sanctuaryoftruthtickets.com\" rel=\"noopener\">contact@sanctuaryoftruthtickets.com<\/a><\/strong> con los siguientes detalles:<\/span><\/p><ul><li><span style=\"color: #000000;\">Su <strong>nombre completo<\/strong><\/span><\/li><li><span style=\"color: #000000;\"><strong>N\u00famero de referencia de reserva<\/strong><\/span><\/li><li><span style=\"color: #000000;\"><strong>Motivo de la cancelaci\u00f3n<\/strong><\/span><\/li><\/ul><\/li><li><p><span style=\"color: #000000;\"><strong>Cancelaciones tard\u00edas<\/strong>:Cualquier cancelaci\u00f3n realizada dentro de <strong>48 horas<\/strong> de la visita programada son <strong>No reembolsable<\/strong>, excepto en casos de emergencia, los cuales ser\u00e1n revisados y procesados a discreci\u00f3n de <strong>El Santuario de la Verdad<\/strong>.<\/span><\/p><\/li><\/ul><h3><span style=\"color: #000000;\">2. <strong>Entradas no reembolsables<\/strong><\/span><\/h3><ul><li><span style=\"color: #000000;\"><strong>Entradas promocionales y con descuento<\/strong>:Las entradas adquiridas con promociones especiales o descuentos pueden ser <strong>No reembolsable<\/strong>Esto se mencionar\u00e1 claramente durante el proceso de reserva, as\u00ed que revise los t\u00e9rminos y condiciones de las entradas antes de finalizar su compra.<\/span><\/li><\/ul><h3><span style=\"color: #000000;\">3. <strong>Pol\u00edtica de reembolso<\/strong><\/span><\/h3><ul><li><p><span style=\"color: #000000;\"><strong>Elegibilidad para reembolso<\/strong>:Se emitir\u00e1n reembolsos por cancelaciones realizadas. <strong>dentro del plazo de notificaci\u00f3n de 48 horas<\/strong>.<\/span><\/p><\/li><li><p><span style=\"color: #000000;\"><strong>Tiempo de procesamiento del reembolso<\/strong>:Los reembolsos se procesar\u00e1n dentro de <strong>7-14 d\u00edas h\u00e1biles<\/strong> a partir de la confirmaci\u00f3n de la cancelaci\u00f3n.<\/span><\/p><\/li><li><p><span style=\"color: #000000;\"><strong>M\u00e9todo de reembolso<\/strong>:Los reembolsos se acreditar\u00e1n a la <strong>m\u00e9todo de pago original<\/strong> utilizado para la reserva.<\/span><\/p><\/li><\/ul><h3><span style=\"color: #000000;\">4. <strong>No presentarse y cancelaciones el mismo d\u00eda<\/strong><\/span><\/h3><ul><li><span style=\"color: #000000;\"><strong>No hay reembolsos por no presentarse<\/strong>: <strong>No hay reembolsos<\/strong> se emitir\u00e1 para <strong>No presentarse<\/strong> o <strong>cancelaciones el mismo d\u00eda<\/strong>.<\/span><\/li><\/ul><h3><span style=\"color: #000000;\">5. <strong>Pol\u00edtica de reprogramaci\u00f3n<\/strong><\/span><\/h3><ul><li><span style=\"color: #000000;\"><strong>Reprogramaci\u00f3n<\/strong>:Solicitudes a <strong>reprogramar<\/strong> Su visita debe ser enviada <strong>al menos 48 horas de antelaci\u00f3n<\/strong>Las reservas reprogramadas estar\u00e1n sujetas a disponibilidad y se aplicar\u00e1 la misma pol\u00edtica de cancelaci\u00f3n para las reservas reprogramadas.<\/span><\/li><\/ul><h3><span style=\"color: #000000;\">6. <strong>Cancelaciones por parte del Santuario de la Verdad<\/strong><\/span><\/h3><p><span style=\"color: #000000;\">En el raro caso de que <a href=\"https:\/\/sanctuaryoftruthtickets.com\/es\/\"><strong>El Santuario de la Verdad<\/strong><\/a> Si debe cancelar su reserva, le proporcionaremos las siguientes opciones:<\/span><\/p><ul><li><span style=\"color: #000000;\"><strong>Reprograma tu visita<\/strong> sin costo adicional.<\/span><\/li><li><span style=\"color: #000000;\"><strong>Reciba un reembolso completo<\/strong>, incluidos los costes asociados.<\/span><\/li><\/ul><h3><span style=\"color: #000000;\">7. <strong>Reservas de terceros<\/strong><\/span><\/h3><ul><li><span style=\"color: #000000;\"><strong>Proveedores externos<\/strong>:Para las reservas realizadas a trav\u00e9s de socios o plataformas de terceros, su <strong>Pol\u00edticas espec\u00edficas de cancelaci\u00f3n y reembolso<\/strong> se aplicar\u00e1. <strong>El <a href=\"https:\/\/sanctuaryoftruthtickets.com\/es\/\">Santuario de la verdad<\/a><\/strong> no es responsable de cancelaciones o reembolsos procesados a trav\u00e9s de proveedores externos.<\/span><\/li><\/ul><h3><span style=\"color: #000000;\">8. <strong>Consideraciones especiales<\/strong><\/span><\/h3><ul><li><span style=\"color: #000000;\"><strong>Reservas de grupos y eventos<\/strong>:Si has hecho una <strong>reserva de grupo<\/strong> o program\u00f3 una <strong>evento privado<\/strong>, pueden aplicarse pol\u00edticas de cancelaci\u00f3n personalizadas. Para obtener m\u00e1s informaci\u00f3n, consulte las condiciones proporcionadas durante la reserva o cont\u00e1ctenos directamente.<\/span><\/li><\/ul><h3><span style=\"color: #000000;\">9. <strong>Informaci\u00f3n del contacto<\/strong><\/span><\/h3><p><span style=\"color: #000000;\">Para obtener m\u00e1s ayuda o consultas sobre cancelaciones y reembolsos, no dude en contactarnos:<\/span><\/p><ul><li><span style=\"color: #000000;\"><strong>Correo electr\u00f3nico<\/strong>: <a style=\"color: #000000;\" href=\"mailto:contact@sanctuaryoftruthtickets.com\" rel=\"noopener\">contact@sanctuaryoftruthtickets.com<\/a><\/span><\/li><li><span style=\"color: #000000;\"><strong>Chat en vivo<\/strong>:Disponible en nuestra web<\/span><\/li><\/ul><p><span style=\"color: #000000;\">Nuestro objetivo es responder a todas las consultas dentro de <strong>24 horas<\/strong>.<\/span><\/p><h3><span style=\"color: #000000;\">10. <strong>Cambios de pol\u00edtica<\/strong><\/span><\/h3><p><span style=\"color: #000000;\"><strong>El Santuario de la Verdad<\/strong> se reserva el derecho de modificar o enmendar este <strong>Pol\u00edtica de cancelaci\u00f3n y reembolso<\/strong> En cualquier momento. Cualquier cambio se publicar\u00e1 en nuestro sitio web y le recomendamos que revise la pol\u00edtica peri\u00f3dicamente para mantenerse actualizado.<\/span><\/p><hr \/><p><span style=\"color: #000000;\">Reservando entradas a trav\u00e9s de <strong>El <a href=\"https:\/\/sanctuaryoftruthtickets.com\/es\/\">Entradas para el Santuario de la Verdad<\/a><\/strong>, usted reconoce y acepta esto <strong>Pol\u00edtica de cancelaci\u00f3n y reembolso<\/strong>.<\/span><\/p>\t\t\t\t\t\t\t\t<\/div>\n\t\t\t\t<\/div>\n\t\t\t\t\t<\/div>\n\t\t<\/div>\n\t\t\t\t\t<\/div>\n\t\t<\/section>\n\t\t\t\t<\/div>","protected":false},"excerpt":{"rendered":"<p>Cancellation &amp; Refund Policy \u2013 The Sanctuary of Truth Tickets At The Sanctuary of Truth, we prioritize providing a hassle-free and transparent ticket booking experience. This Cancellation &amp; Refund Policy outlines the steps and conditions for cancellations and refunds for bookings made through our official website, sanctuaryoftruthtickets.com. 1. General Cancellation Policy Advance Notice: Cancellations must [&hellip;]<\/p>\n","protected":false},"author":1,"featured_media":0,"parent":0,"menu_order":0,"comment_status":"closed","ping_status":"closed","template":"","meta":{"ocean_post_layout":"","ocean_both_sidebars_style":"","ocean_both_sidebars_content_width":0,"ocean_both_sidebars_sidebars_width":0,"ocean_sidebar":"","ocean_second_sidebar":"","ocean_disable_margins":"enable","ocean_add_body_class":"","ocean_shortcode_before_top_bar":"","ocean_shortcode_after_top_bar":"","ocean_shortcode_before_header":"","ocean_shortcode_after_header":"","ocean_has_shortcode":"","ocean_shortcode_after_title":"","ocean_shortcode_before_footer_widgets":"","ocean_shortcode_after_footer_widgets":"","ocean_shortcode_before_footer_bottom":"","ocean_shortcode_after_footer_bottom":"","ocean_display_top_bar":"default","ocean_display_header":"default","ocean_header_style":"","ocean_center_header_left_menu":"","ocean_custom_header_template":"","ocean_custom_logo":0,"ocean_custom_retina_logo":0,"ocean_custom_logo_max_width":0,"ocean_custom_logo_tablet_max_width":0,"ocean_custom_logo_mobile_max_width":0,"ocean_custom_logo_max_height":0,"ocean_custom_logo_tablet_max_height":0,"ocean_custom_logo_mobile_max_height":0,"ocean_header_custom_menu":"","ocean_menu_typo_font_family":"","ocean_menu_typo_font_subset":"","ocean_menu_typo_font_size":0,"ocean_menu_typo_font_size_tablet":0,"ocean_menu_typo_font_size_mobile":0,"ocean_menu_typo_font_size_unit":"px","ocean_menu_typo_font_weight":"","ocean_menu_typo_font_weight_tablet":"","ocean_menu_typo_font_weight_mobile":"","ocean_menu_typo_transform":"","ocean_menu_typo_transform_tablet":"","ocean_menu_typo_transform_mobile":"","ocean_menu_typo_line_height":0,"ocean_menu_typo_line_height_tablet":0,"ocean_menu_typo_line_height_mobile":0,"ocean_menu_typo_line_height_unit":"","ocean_menu_typo_spacing":0,"ocean_menu_typo_spacing_tablet":0,"ocean_menu_typo_spacing_mobile":0,"ocean_menu_typo_spacing_unit":"","ocean_menu_link_color":"","ocean_menu_link_color_hover":"","ocean_menu_link_color_active":"","ocean_menu_link_background":"","ocean_menu_link_hover_background":"","ocean_menu_link_active_background":"","ocean_menu_social_links_bg":"","ocean_menu_social_hover_links_bg":"","ocean_menu_social_links_color":"","ocean_menu_social_hover_links_color":"","ocean_disable_title":"default","ocean_disable_heading":"default","ocean_post_title":"","ocean_post_subheading":"","ocean_post_title_style":"","ocean_post_title_background_color":"","ocean_post_title_background":0,"ocean_post_title_bg_image_position":"","ocean_post_title_bg_image_attachment":"","ocean_post_title_bg_image_repeat":"","ocean_post_title_bg_image_size":"","ocean_post_title_height":0,"ocean_post_title_bg_overlay":0.5,"ocean_post_title_bg_overlay_color":"","ocean_disable_breadcrumbs":"default","ocean_breadcrumbs_color":"","ocean_breadcrumbs_separator_color":"","ocean_breadcrumbs_links_color":"","ocean_breadcrumbs_links_hover_color":"","ocean_display_footer_widgets":"default","ocean_display_footer_bottom":"default","ocean_custom_footer_template":"","footnotes":""},"class_list":["post-2602","page","type-page","status-publish","hentry","entry","owp-thumbs-layout-horizontal","owp-btn-normal","owp-tabs-layout-horizontal","has-no-thumbnails","has-product-nav"],"yoast_head":"<!-- This site is optimized with the Yoast SEO plugin v27.4 - https:\/\/yoast.com\/product\/yoast-seo-wordpress\/ -->\n<title>Cancellation &amp; Refund Policy | The Sanctuary Of Truth Tickets<\/title>\n<meta name=\"description\" content=\"Review Our Clear Cancellation &amp; Refund Policy For The Sanctuary Of Truth Tickets. Book Confidently With Transparent Guidelines.\" \/>\n<meta name=\"robots\" content=\"noindex, follow\" \/>\n<meta property=\"og:locale\" content=\"es_ES\" \/>\n<meta property=\"og:type\" content=\"article\" \/>\n<meta property=\"og:title\" content=\"Cancellation &amp; Refund Policy | The Sanctuary Of Truth Tickets\" \/>\n<meta property=\"og:description\" content=\"Review Our Clear Cancellation &amp; Refund Policy For The Sanctuary Of Truth Tickets. Book Confidently With Transparent Guidelines.\" \/>\n<meta property=\"og:url\" content=\"https:\/\/sanctuaryoftruthtickets.com\/es\/politica-de-reembolso-por-cancelacion\/\" \/>\n<meta property=\"og:site_name\" content=\"The Sanctuary Of Truth\" \/>\n<meta property=\"article:modified_time\" content=\"2025-01-16T00:09:56+00:00\" \/>\n<meta name=\"twitter:card\" content=\"summary_large_image\" \/>\n<meta name=\"twitter:label1\" content=\"Tiempo de lectura\" \/>\n\t<meta name=\"twitter:data1\" content=\"3 minutos\" \/>\n<script type=\"application\/ld+json\" class=\"yoast-schema-graph\">{\"@context\":\"https:\\\/\\\/schema.org\",\"@graph\":[{\"@type\":\"WebPage\",\"@id\":\"https:\\\/\\\/sanctuaryoftruthtickets.com\\\/cancellation-refund-policy\\\/\",\"url\":\"https:\\\/\\\/sanctuaryoftruthtickets.com\\\/cancellation-refund-policy\\\/\",\"name\":\"Cancellation & Refund Policy | The Sanctuary Of Truth Tickets\",\"isPartOf\":{\"@id\":\"https:\\\/\\\/sanctuaryoftruthtickets.com\\\/#website\"},\"datePublished\":\"2024-10-17T01:39:30+00:00\",\"dateModified\":\"2025-01-16T00:09:56+00:00\",\"description\":\"Review Our Clear Cancellation & Refund Policy For The Sanctuary Of Truth Tickets. Book Confidently With Transparent Guidelines.\",\"breadcrumb\":{\"@id\":\"https:\\\/\\\/sanctuaryoftruthtickets.com\\\/cancellation-refund-policy\\\/#breadcrumb\"},\"inLanguage\":\"es\",\"potentialAction\":[{\"@type\":\"ReadAction\",\"target\":[\"https:\\\/\\\/sanctuaryoftruthtickets.com\\\/cancellation-refund-policy\\\/\"]}]},{\"@type\":\"BreadcrumbList\",\"@id\":\"https:\\\/\\\/sanctuaryoftruthtickets.com\\\/cancellation-refund-policy\\\/#breadcrumb\",\"itemListElement\":[{\"@type\":\"ListItem\",\"position\":1,\"name\":\"Home\",\"item\":\"https:\\\/\\\/sanctuaryoftruthtickets.com\\\/\"},{\"@type\":\"ListItem\",\"position\":2,\"name\":\"Cancellation &amp; Refund Policy\"}]},{\"@type\":\"WebSite\",\"@id\":\"https:\\\/\\\/sanctuaryoftruthtickets.com\\\/#website\",\"url\":\"https:\\\/\\\/sanctuaryoftruthtickets.com\\\/\",\"name\":\"The Sanctuary Of Truth\",\"description\":\"\",\"publisher\":{\"@id\":\"https:\\\/\\\/sanctuaryoftruthtickets.com\\\/#organization\"},\"potentialAction\":[{\"@type\":\"SearchAction\",\"target\":{\"@type\":\"EntryPoint\",\"urlTemplate\":\"https:\\\/\\\/sanctuaryoftruthtickets.com\\\/?s={search_term_string}\"},\"query-input\":{\"@type\":\"PropertyValueSpecification\",\"valueRequired\":true,\"valueName\":\"search_term_string\"}}],\"inLanguage\":\"es\"},{\"@type\":\"Organization\",\"@id\":\"https:\\\/\\\/sanctuaryoftruthtickets.com\\\/#organization\",\"name\":\"The Sanctuary Of Truth\",\"url\":\"https:\\\/\\\/sanctuaryoftruthtickets.com\\\/\",\"logo\":{\"@type\":\"ImageObject\",\"inLanguage\":\"es\",\"@id\":\"https:\\\/\\\/sanctuaryoftruthtickets.com\\\/#\\\/schema\\\/logo\\\/image\\\/\",\"url\":\"https:\\\/\\\/sanctuaryoftruthtickets.com\\\/wp-content\\\/uploads\\\/2024\\\/08\\\/Sanctuary-Of-Truth.png\",\"contentUrl\":\"https:\\\/\\\/sanctuaryoftruthtickets.com\\\/wp-content\\\/uploads\\\/2024\\\/08\\\/Sanctuary-Of-Truth.png\",\"width\":350,\"height\":100,\"caption\":\"The Sanctuary Of Truth\"},\"image\":{\"@id\":\"https:\\\/\\\/sanctuaryoftruthtickets.com\\\/#\\\/schema\\\/logo\\\/image\\\/\"}}]}<\/script>\n<!-- \/ Yoast SEO plugin. -->","yoast_head_json":{"title":"Pol\u00edtica de cancelaci\u00f3n y reembolso | Entradas para The Sanctuary Of Truth","description":"Revise nuestra clara pol\u00edtica de cancelaci\u00f3n y reembolso de entradas para The Sanctuary Of Truth. Reserve con confianza con pautas transparentes.","robots":{"index":"noindex","follow":"follow"},"og_locale":"es_ES","og_type":"article","og_title":"Cancellation & Refund Policy | The Sanctuary Of Truth Tickets","og_description":"Review Our Clear Cancellation & Refund Policy For The Sanctuary Of Truth Tickets. Book Confidently With Transparent Guidelines.","og_url":"https:\/\/sanctuaryoftruthtickets.com\/es\/politica-de-reembolso-por-cancelacion\/","og_site_name":"The Sanctuary Of Truth","article_modified_time":"2025-01-16T00:09:56+00:00","twitter_card":"summary_large_image","twitter_misc":{"Tiempo de lectura":"3 minutos"},"schema":{"@context":"https:\/\/schema.org","@graph":[{"@type":"WebPage","@id":"https:\/\/sanctuaryoftruthtickets.com\/cancellation-refund-policy\/","url":"https:\/\/sanctuaryoftruthtickets.com\/cancellation-refund-policy\/","name":"Pol\u00edtica de cancelaci\u00f3n y reembolso | Entradas para The Sanctuary Of Truth","isPartOf":{"@id":"https:\/\/sanctuaryoftruthtickets.com\/#website"},"datePublished":"2024-10-17T01:39:30+00:00","dateModified":"2025-01-16T00:09:56+00:00","description":"Revise nuestra clara pol\u00edtica de cancelaci\u00f3n y reembolso de entradas para The Sanctuary Of Truth. Reserve con confianza con pautas transparentes.","breadcrumb":{"@id":"https:\/\/sanctuaryoftruthtickets.com\/cancellation-refund-policy\/#breadcrumb"},"inLanguage":"es","potentialAction":[{"@type":"ReadAction","target":["https:\/\/sanctuaryoftruthtickets.com\/cancellation-refund-policy\/"]}]},{"@type":"BreadcrumbList","@id":"https:\/\/sanctuaryoftruthtickets.com\/cancellation-refund-policy\/#breadcrumb","itemListElement":[{"@type":"ListItem","position":1,"name":"Home","item":"https:\/\/sanctuaryoftruthtickets.com\/"},{"@type":"ListItem","position":2,"name":"Cancellation &amp; Refund Policy"}]},{"@type":"WebSite","@id":"https:\/\/sanctuaryoftruthtickets.com\/#website","url":"https:\/\/sanctuaryoftruthtickets.com\/","name":"El Santuario De La Verdad","description":"","publisher":{"@id":"https:\/\/sanctuaryoftruthtickets.com\/#organization"},"potentialAction":[{"@type":"SearchAction","target":{"@type":"EntryPoint","urlTemplate":"https:\/\/sanctuaryoftruthtickets.com\/?s={search_term_string}"},"query-input":{"@type":"PropertyValueSpecification","valueRequired":true,"valueName":"search_term_string"}}],"inLanguage":"es"},{"@type":"Organization","@id":"https:\/\/sanctuaryoftruthtickets.com\/#organization","name":"El Santuario De La Verdad","url":"https:\/\/sanctuaryoftruthtickets.com\/","logo":{"@type":"ImageObject","inLanguage":"es","@id":"https:\/\/sanctuaryoftruthtickets.com\/#\/schema\/logo\/image\/","url":"https:\/\/sanctuaryoftruthtickets.com\/wp-content\/uploads\/2024\/08\/Sanctuary-Of-Truth.png","contentUrl":"https:\/\/sanctuaryoftruthtickets.com\/wp-content\/uploads\/2024\/08\/Sanctuary-Of-Truth.png","width":350,"height":100,"caption":"The Sanctuary Of Truth"},"image":{"@id":"https:\/\/sanctuaryoftruthtickets.com\/#\/schema\/logo\/image\/"}}]}},"jetpack_sharing_enabled":true,"_links":{"self":[{"href":"https:\/\/sanctuaryoftruthtickets.com\/es\/wp-json\/wp\/v2\/pages\/2602","targetHints":{"allow":["GET"]}}],"collection":[{"href":"https:\/\/sanctuaryoftruthtickets.com\/es\/wp-json\/wp\/v2\/pages"}],"about":[{"href":"https:\/\/sanctuaryoftruthtickets.com\/es\/wp-json\/wp\/v2\/types\/page"}],"author":[{"embeddable":true,"href":"https:\/\/sanctuaryoftruthtickets.com\/es\/wp-json\/wp\/v2\/users\/1"}],"replies":[{"embeddable":true,"href":"https:\/\/sanctuaryoftruthtickets.com\/es\/wp-json\/wp\/v2\/comments?post=2602"}],"version-history":[{"count":13,"href":"https:\/\/sanctuaryoftruthtickets.com\/es\/wp-json\/wp\/v2\/pages\/2602\/revisions"}],"predecessor-version":[{"id":3362,"href":"https:\/\/sanctuaryoftruthtickets.com\/es\/wp-json\/wp\/v2\/pages\/2602\/revisions\/3362"}],"wp:attachment":[{"href":"https:\/\/sanctuaryoftruthtickets.com\/es\/wp-json\/wp\/v2\/media?parent=2602"}],"curies":[{"name":"Gracias","href":"https:\/\/api.w.org\/{rel}","templated":true}]}}