{"id":3,"date":"2024-08-27T12:39:40","date_gmt":"2024-08-27T12:39:40","guid":{"rendered":"https:\/\/sanctuaryoftruthtickets.com\/?page_id=3"},"modified":"2025-01-16T05:41:43","modified_gmt":"2025-01-16T00:11:43","slug":"politica-de-privacidad","status":"publish","type":"page","link":"https:\/\/sanctuaryoftruthtickets.com\/es\/politica-de-privacidad\/","title":{"rendered":"pol\u00edtica de privacidad"},"content":{"rendered":"<div data-elementor-type=\"wp-page\" data-elementor-id=\"3\" class=\"elementor elementor-3\" data-elementor-post-type=\"page\">\n\t\t\t\t\t\t<section data-particle_enable=\"false\" data-particle-mobile-disabled=\"false\" class=\"elementor-section elementor-top-section elementor-element elementor-element-dc0f9af elementor-section-boxed elementor-section-height-default elementor-section-height-default\" data-id=\"dc0f9af\" data-element_type=\"section\" data-e-type=\"section\">\n\t\t\t\t\t\t<div class=\"elementor-container elementor-column-gap-default\">\n\t\t\t\t\t<div class=\"elementor-column elementor-col-100 elementor-top-column elementor-element elementor-element-4ce1bb3\" data-id=\"4ce1bb3\" data-element_type=\"column\" data-e-type=\"column\">\n\t\t\t<div class=\"elementor-widget-wrap elementor-element-populated\">\n\t\t\t\t\t\t<div class=\"elementor-element elementor-element-feae045 elementor-widget elementor-widget-text-editor\" data-id=\"feae045\" data-element_type=\"widget\" data-e-type=\"widget\" data-widget_type=\"text-editor.default\">\n\t\t\t\t<div class=\"elementor-widget-container\">\n\t\t\t\t\t\t\t\t\t<h2 style=\"text-align: center;\"><span style=\"color: #000000;\">Pol\u00edtica de privacidad para <strong>Entradas para el Santuario de la Verdad<\/strong><\/span><\/h2><p><span style=\"color: #000000;\">En <a href=\"https:\/\/sanctuaryoftruthtickets.com\/es\/\"><strong>El Santuario de la Verdad<\/strong><\/a>, operado por <strong>Vacaciones en Triplyn<\/strong>Nos comprometemos a proteger su privacidad y garantizar la seguridad de su informaci\u00f3n personal. Esta Pol\u00edtica de privacidad describe c\u00f3mo recopilamos, usamos y protegemos sus datos cuando interact\u00faa con nuestro sitio web. <a style=\"color: #000000;\" href=\"https:\/\/sanctuaryoftruthtickets.com\/es\/\" target=\"_new\" rel=\"noopener\">https:\/\/sanctuaryoftruthtickets.com<\/a>.<\/span><\/p><hr \/><h3><span style=\"color: #000000;\">1. <strong>Informaci\u00f3n que recopilamos<\/strong><\/span><\/h3><p><span style=\"color: #000000;\">Para mejorar su experiencia y brindar servicios sin inconvenientes, recopilamos los siguientes tipos de datos:<\/span><\/p><ul><li><p><span style=\"color: #000000;\"><strong>Informaci\u00f3n personal<\/strong>:Esto incluye su nombre, datos de contacto y direcci\u00f3n de correo electr\u00f3nico cuando realiza reservas de entradas o env\u00eda consultas.<\/span><\/p><\/li><li><p><span style=\"color: #000000;\"><strong>Datos de pago<\/strong>:La informaci\u00f3n de pago se procesa de forma segura a trav\u00e9s de sistemas de terceros confiables para garantizar que sus datos financieros est\u00e9n protegidos.<\/span><\/p><\/li><li><p><span style=\"color: #000000;\"><strong>Informaci\u00f3n sobre el uso del sitio<\/strong>Recopilamos datos como direcciones IP, tipos de navegador y cookies para analizar el tr\u00e1fico del sitio, mejorar la funcionalidad y optimizar su experiencia de navegaci\u00f3n.<\/span><\/p><\/li><\/ul><hr \/><h3><span style=\"color: #000000;\">2. <strong>C\u00f3mo utilizamos su informaci\u00f3n<\/strong><\/span><\/h3><p><span style=\"color: #000000;\">Utilizamos su informaci\u00f3n para los siguientes fines:<\/span><\/p><ul><li><p><span style=\"color: #000000;\"><strong>Procesando reservas<\/strong>:Para confirmar y entregar servicios relacionados con sus compras de boletos.<\/span><\/p><\/li><li><p><span style=\"color: #000000;\"><strong>Confirmaci\u00f3n de reserva y actualizaciones<\/strong>:Para enviarle confirmaciones de reservas, recordatorios y actualizaciones sobre su visita.<\/span><\/p><\/li><li><p><span style=\"color: #000000;\"><strong>Atenci\u00f3n al cliente<\/strong>:Para atender sus consultas y brindarle asistencia con sus boletos y otros servicios.<\/span><\/p><\/li><li><p><span style=\"color: #000000;\"><strong>Optimizaci\u00f3n de sitios web<\/strong>:Para mejorar el rendimiento del sitio web y su experiencia de usuario en general.<\/span><\/p><\/li><li><p><span style=\"color: #000000;\"><strong>Promociones y boletines informativos<\/strong>:Para enviar actualizaciones, promociones y ofertas relevantes (solo con su consentimiento).<\/span><\/p><\/li><\/ul><hr \/><h3><span style=\"color: #000000;\">3. <strong>Seguridad de datos<\/strong><\/span><\/h3><p><span style=\"color: #000000;\">Su privacidad y seguridad son nuestra m\u00e1xima prioridad. Usamos <strong>Cifrado SSL<\/strong> y otras medidas de seguridad para proteger su informaci\u00f3n personal contra acceso no autorizado, alteraci\u00f3n o mal uso.<\/span><\/p><hr \/><h3><span style=\"color: #000000;\">4. <strong>Compartir su informaci\u00f3n<\/strong><\/span><\/h3><ul><li><span style=\"color: #000000;\"><strong>No venta de datos personales<\/strong>:No vendemos ni compartimos sus datos personales con terceros no autorizados. Su informaci\u00f3n puede ser compartida con socios de confianza, como procesadores de pagos, para completar transacciones de forma segura y eficiente, con total confidencialidad.<\/span><\/li><\/ul><hr \/><h3><span style=\"color: #000000;\">5. <strong>Sus derechos<\/strong><\/span><\/h3><p><span style=\"color: #000000;\">Como usuario, usted tiene derecho a:<\/span><\/p><ul><li><p><span style=\"color: #000000;\"><strong>Acceso<\/strong>:Revise la informaci\u00f3n que hemos recopilado sobre usted.<\/span><\/p><\/li><li><p><span style=\"color: #000000;\"><strong>Correcci\u00f3n<\/strong>:Solicitar actualizaciones o correcciones a cualquier informaci\u00f3n inexacta.<\/span><\/p><\/li><li><p><span style=\"color: #000000;\"><strong>Supresi\u00f3n<\/strong>:Solicitar la supresi\u00f3n de sus datos cuando ya no sean necesarios para los servicios prestados.<\/span><\/p><\/li><li><p><span style=\"color: #000000;\"><strong>Exclusi\u00f3n voluntaria<\/strong>:Puede darse de baja de las comunicaciones de marketing en cualquier momento envi\u00e1ndonos un correo electr\u00f3nico a <a style=\"color: #000000;\" href=\"mailto:contact@sanctuaryoftruthtickets.com\" rel=\"noopener\">contact@sanctuaryoftruthtickets.com<\/a>.<\/span><\/p><\/li><\/ul><hr \/><h3><span style=\"color: #000000;\">6. <strong>Galletas<\/strong><\/span><\/h3><p><span style=\"color: #000000;\">Utilizamos cookies para ofrecerle una experiencia de navegaci\u00f3n m\u00e1s personalizada. Las cookies nos ayudan a analizar la actividad del usuario y optimizar el contenido de nuestro sitio. Puede ajustar sus preferencias de cookies a trav\u00e9s de la configuraci\u00f3n de su navegador en cualquier momento.<\/span><\/p><hr \/><h3><span style=\"color: #000000;\">7. <strong>Enlaces de terceros<\/strong><\/span><\/h3><p><span style=\"color: #000000;\">Nuestro sitio web puede contener enlaces a sitios web externos. No somos responsables de las pr\u00e1cticas de privacidad ni del contenido de estos sitios de terceros. Recomendamos revisar sus pol\u00edticas de privacidad antes de proporcionar cualquier informaci\u00f3n personal.<\/span><\/p><hr \/><h3><span style=\"color: #000000;\">8. <strong>Actualizaciones de pol\u00edticas<\/strong><\/span><\/h3><p><span style=\"color: #000000;\">Esta Pol\u00edtica de privacidad puede actualizarse peri\u00f3dicamente para reflejar los cambios en nuestras pr\u00e1cticas. Las actualizaciones se publicar\u00e1n en esta p\u00e1gina y le recomendamos que revise esta pol\u00edtica peri\u00f3dicamente para mantenerse informado sobre c\u00f3mo protegemos sus datos.<\/span><\/p><hr \/><h3><span style=\"color: #000000;\">9. <strong>Informaci\u00f3n del contacto<\/strong><\/span><\/h3><p><span style=\"color: #000000;\">Para cualquier pregunta respecto a esta Pol\u00edtica de Privacidad o sus datos personales, no dude en contactarnos a:<\/span><\/p><ul><li><span style=\"color: #000000;\"><strong>nombre de empresa<\/strong>:Vacaciones en Triplyn<\/span><\/li><li><span style=\"color: #000000;\"><strong>Correo electr\u00f3nico<\/strong>: <a style=\"color: #000000;\" href=\"mailto:contact@sanctuaryoftruthtickets.com\" rel=\"noopener\">contact@sanctuaryoftruthtickets.com<\/a><\/span><\/li><li><span style=\"color: #000000;\"><strong>DIRECCI\u00d3N<\/strong>: A-54, zona industrial de Keshopur, Vikaspuri, Nueva Delhi 110018, India<\/span><\/li><\/ul><hr \/><h3><span style=\"color: #000000;\">10. <strong>Consentimiento y cumplimiento legal<\/strong><\/span><\/h3><p><span style=\"color: #000000;\">Al utilizar nuestro sitio web, usted acepta la recopilaci\u00f3n y el uso de sus datos de conformidad con esta Pol\u00edtica de privacidad. Cumplimos con las leyes de protecci\u00f3n de datos aplicables, incluidas <strong>RGPD<\/strong>, para garantizar que se respeten sus derechos.<\/span><\/p><hr \/><h3><span style=\"color: #000000;\">11. <strong>Privacidad de los ni\u00f1os<\/strong><\/span><\/h3><p><span style=\"color: #000000;\">No recopilamos deliberadamente datos personales de ni\u00f1os menores de 13 a\u00f1os. Si tenemos conocimiento de que se han recopilado dichos datos, tomaremos medidas inmediatas para eliminarlos de nuestros registros.<\/span><\/p><hr \/><h3><span style=\"color: #000000;\">12. <strong>Retenci\u00f3n de datos<\/strong><\/span><\/h3><p><span style=\"color: #000000;\">Conservamos sus datos personales \u00fanicamente durante el tiempo necesario para prestar nuestros servicios. Si solicita la eliminaci\u00f3n de sus datos, nos aseguraremos de que se eliminen de forma segura de nuestros sistemas.<\/span><\/p><hr \/><p><span style=\"color: #000000;\">En <strong>Vacaciones en Triplyn<\/strong>Nos comprometemos a gestionar su informaci\u00f3n personal con el m\u00e1s alto nivel de cuidado y responsabilidad, garantizando que su experiencia con nosotros sea <strong>El <a href=\"https:\/\/sanctuaryoftruthtickets.com\/es\/\">Entradas para el Santuario de la Verdad<\/a><\/strong> Es a la vez seguro y divertido.<\/span><\/p>\t\t\t\t\t\t\t\t<\/div>\n\t\t\t\t<\/div>\n\t\t\t\t\t<\/div>\n\t\t<\/div>\n\t\t\t\t\t<\/div>\n\t\t<\/section>\n\t\t\t\t<\/div>","protected":false},"excerpt":{"rendered":"<p>Privacy Policy for The Sanctuary of Truth Tickets At The Sanctuary of Truth, operated by Triplyn Holidays, we are committed to protecting your privacy and ensuring the security of your personal information. This Privacy Policy outlines how we collect, use, and protect your data when you interact with our website, https:\/\/sanctuaryoftruthtickets.com. 1. Information We Collect [&hellip;]<\/p>\n","protected":false},"author":1,"featured_media":0,"parent":0,"menu_order":0,"comment_status":"closed","ping_status":"open","template":"","meta":{"ocean_post_layout":"","ocean_both_sidebars_style":"","ocean_both_sidebars_content_width":0,"ocean_both_sidebars_sidebars_width":0,"ocean_sidebar":"","ocean_second_sidebar":"","ocean_disable_margins":"enable","ocean_add_body_class":"","ocean_shortcode_before_top_bar":"","ocean_shortcode_after_top_bar":"","ocean_shortcode_before_header":"","ocean_shortcode_after_header":"","ocean_has_shortcode":"","ocean_shortcode_after_title":"","ocean_shortcode_before_footer_widgets":"","ocean_shortcode_after_footer_widgets":"","ocean_shortcode_before_footer_bottom":"","ocean_shortcode_after_footer_bottom":"","ocean_display_top_bar":"default","ocean_display_header":"default","ocean_header_style":"","ocean_center_header_left_menu":"","ocean_custom_header_template":"","ocean_custom_logo":0,"ocean_custom_retina_logo":0,"ocean_custom_logo_max_width":0,"ocean_custom_logo_tablet_max_width":0,"ocean_custom_logo_mobile_max_width":0,"ocean_custom_logo_max_height":0,"ocean_custom_logo_tablet_max_height":0,"ocean_custom_logo_mobile_max_height":0,"ocean_header_custom_menu":"","ocean_menu_typo_font_family":"","ocean_menu_typo_font_subset":"","ocean_menu_typo_font_size":0,"ocean_menu_typo_font_size_tablet":0,"ocean_menu_typo_font_size_mobile":0,"ocean_menu_typo_font_size_unit":"px","ocean_menu_typo_font_weight":"","ocean_menu_typo_font_weight_tablet":"","ocean_menu_typo_font_weight_mobile":"","ocean_menu_typo_transform":"","ocean_menu_typo_transform_tablet":"","ocean_menu_typo_transform_mobile":"","ocean_menu_typo_line_height":0,"ocean_menu_typo_line_height_tablet":0,"ocean_menu_typo_line_height_mobile":0,"ocean_menu_typo_line_height_unit":"","ocean_menu_typo_spacing":0,"ocean_menu_typo_spacing_tablet":0,"ocean_menu_typo_spacing_mobile":0,"ocean_menu_typo_spacing_unit":"","ocean_menu_link_color":"","ocean_menu_link_color_hover":"","ocean_menu_link_color_active":"","ocean_menu_link_background":"","ocean_menu_link_hover_background":"","ocean_menu_link_active_background":"","ocean_menu_social_links_bg":"","ocean_menu_social_hover_links_bg":"","ocean_menu_social_links_color":"","ocean_menu_social_hover_links_color":"","ocean_disable_title":"default","ocean_disable_heading":"default","ocean_post_title":"","ocean_post_subheading":"","ocean_post_title_style":"","ocean_post_title_background_color":"","ocean_post_title_background":0,"ocean_post_title_bg_image_position":"","ocean_post_title_bg_image_attachment":"","ocean_post_title_bg_image_repeat":"","ocean_post_title_bg_image_size":"","ocean_post_title_height":0,"ocean_post_title_bg_overlay":0.5,"ocean_post_title_bg_overlay_color":"","ocean_disable_breadcrumbs":"default","ocean_breadcrumbs_color":"","ocean_breadcrumbs_separator_color":"","ocean_breadcrumbs_links_color":"","ocean_breadcrumbs_links_hover_color":"","ocean_display_footer_widgets":"default","ocean_display_footer_bottom":"default","ocean_custom_footer_template":"","footnotes":""},"class_list":["post-3","page","type-page","status-publish","hentry","entry","owp-thumbs-layout-horizontal","owp-btn-normal","owp-tabs-layout-horizontal","has-no-thumbnails","has-product-nav"],"yoast_head":"<!-- This site is optimized with the Yoast SEO plugin v27.4 - https:\/\/yoast.com\/product\/yoast-seo-wordpress\/ -->\n<title>Privacy Policy | The Sanctuary Of Truth Tickets<\/title>\n<meta name=\"description\" content=\"Read Our Privacy Policy To Learn How The Sanctuary Of Truth Tickets Protects Your Data. Your Trust Matters To Us For A Safe, Secure Booking.\" \/>\n<meta name=\"robots\" content=\"noindex, follow\" \/>\n<meta property=\"og:locale\" content=\"es_ES\" \/>\n<meta property=\"og:type\" content=\"article\" \/>\n<meta property=\"og:title\" content=\"Privacy Policy | The Sanctuary Of Truth Tickets\" \/>\n<meta property=\"og:description\" content=\"Read Our Privacy Policy To Learn How The Sanctuary Of Truth Tickets Protects Your Data. Your Trust Matters To Us For A Safe, Secure Booking.\" \/>\n<meta property=\"og:url\" content=\"https:\/\/sanctuaryoftruthtickets.com\/es\/politica-de-privacidad\/\" \/>\n<meta property=\"og:site_name\" content=\"The Sanctuary Of Truth\" \/>\n<meta property=\"article:modified_time\" content=\"2025-01-16T00:11:43+00:00\" \/>\n<meta name=\"twitter:card\" content=\"summary_large_image\" \/>\n<meta name=\"twitter:label1\" content=\"Tiempo de lectura\" \/>\n\t<meta name=\"twitter:data1\" content=\"3 minutos\" \/>\n<script type=\"application\/ld+json\" class=\"yoast-schema-graph\">{\"@context\":\"https:\\\/\\\/schema.org\",\"@graph\":[{\"@type\":\"WebPage\",\"@id\":\"https:\\\/\\\/sanctuaryoftruthtickets.com\\\/privacy-policy\\\/\",\"url\":\"https:\\\/\\\/sanctuaryoftruthtickets.com\\\/privacy-policy\\\/\",\"name\":\"Privacy Policy | The Sanctuary Of Truth Tickets\",\"isPartOf\":{\"@id\":\"https:\\\/\\\/sanctuaryoftruthtickets.com\\\/#website\"},\"datePublished\":\"2024-08-27T12:39:40+00:00\",\"dateModified\":\"2025-01-16T00:11:43+00:00\",\"description\":\"Read Our Privacy Policy To Learn How The Sanctuary Of Truth Tickets Protects Your Data. Your Trust Matters To Us For A Safe, Secure Booking.\",\"breadcrumb\":{\"@id\":\"https:\\\/\\\/sanctuaryoftruthtickets.com\\\/privacy-policy\\\/#breadcrumb\"},\"inLanguage\":\"es\",\"potentialAction\":[{\"@type\":\"ReadAction\",\"target\":[\"https:\\\/\\\/sanctuaryoftruthtickets.com\\\/privacy-policy\\\/\"]}]},{\"@type\":\"BreadcrumbList\",\"@id\":\"https:\\\/\\\/sanctuaryoftruthtickets.com\\\/privacy-policy\\\/#breadcrumb\",\"itemListElement\":[{\"@type\":\"ListItem\",\"position\":1,\"name\":\"Home\",\"item\":\"https:\\\/\\\/sanctuaryoftruthtickets.com\\\/\"},{\"@type\":\"ListItem\",\"position\":2,\"name\":\"Privacy Policy\"}]},{\"@type\":\"WebSite\",\"@id\":\"https:\\\/\\\/sanctuaryoftruthtickets.com\\\/#website\",\"url\":\"https:\\\/\\\/sanctuaryoftruthtickets.com\\\/\",\"name\":\"The Sanctuary Of Truth\",\"description\":\"\",\"publisher\":{\"@id\":\"https:\\\/\\\/sanctuaryoftruthtickets.com\\\/#organization\"},\"potentialAction\":[{\"@type\":\"SearchAction\",\"target\":{\"@type\":\"EntryPoint\",\"urlTemplate\":\"https:\\\/\\\/sanctuaryoftruthtickets.com\\\/?s={search_term_string}\"},\"query-input\":{\"@type\":\"PropertyValueSpecification\",\"valueRequired\":true,\"valueName\":\"search_term_string\"}}],\"inLanguage\":\"es\"},{\"@type\":\"Organization\",\"@id\":\"https:\\\/\\\/sanctuaryoftruthtickets.com\\\/#organization\",\"name\":\"The Sanctuary Of Truth\",\"url\":\"https:\\\/\\\/sanctuaryoftruthtickets.com\\\/\",\"logo\":{\"@type\":\"ImageObject\",\"inLanguage\":\"es\",\"@id\":\"https:\\\/\\\/sanctuaryoftruthtickets.com\\\/#\\\/schema\\\/logo\\\/image\\\/\",\"url\":\"https:\\\/\\\/sanctuaryoftruthtickets.com\\\/wp-content\\\/uploads\\\/2024\\\/08\\\/Sanctuary-Of-Truth.png\",\"contentUrl\":\"https:\\\/\\\/sanctuaryoftruthtickets.com\\\/wp-content\\\/uploads\\\/2024\\\/08\\\/Sanctuary-Of-Truth.png\",\"width\":350,\"height\":100,\"caption\":\"The Sanctuary Of Truth\"},\"image\":{\"@id\":\"https:\\\/\\\/sanctuaryoftruthtickets.com\\\/#\\\/schema\\\/logo\\\/image\\\/\"}}]}<\/script>\n<!-- \/ Yoast SEO plugin. -->","yoast_head_json":{"title":"Pol\u00edtica de privacidad | Entradas para El Santuario de la Verdad","description":"Lea nuestra pol\u00edtica de privacidad para saber c\u00f3mo The Sanctuary Of Truth Tickets protege sus datos. Su confianza es importante para nosotros para que pueda realizar una reserva segura.","robots":{"index":"noindex","follow":"follow"},"og_locale":"es_ES","og_type":"article","og_title":"Privacy Policy | The Sanctuary Of Truth Tickets","og_description":"Read Our Privacy Policy To Learn How The Sanctuary Of Truth Tickets Protects Your Data. Your Trust Matters To Us For A Safe, Secure Booking.","og_url":"https:\/\/sanctuaryoftruthtickets.com\/es\/politica-de-privacidad\/","og_site_name":"The Sanctuary Of Truth","article_modified_time":"2025-01-16T00:11:43+00:00","twitter_card":"summary_large_image","twitter_misc":{"Tiempo de lectura":"3 minutos"},"schema":{"@context":"https:\/\/schema.org","@graph":[{"@type":"WebPage","@id":"https:\/\/sanctuaryoftruthtickets.com\/privacy-policy\/","url":"https:\/\/sanctuaryoftruthtickets.com\/privacy-policy\/","name":"Pol\u00edtica de privacidad | Entradas para El Santuario de la Verdad","isPartOf":{"@id":"https:\/\/sanctuaryoftruthtickets.com\/#website"},"datePublished":"2024-08-27T12:39:40+00:00","dateModified":"2025-01-16T00:11:43+00:00","description":"Lea nuestra pol\u00edtica de privacidad para saber c\u00f3mo The Sanctuary Of Truth Tickets protege sus datos. Su confianza es importante para nosotros para que pueda realizar una reserva segura.","breadcrumb":{"@id":"https:\/\/sanctuaryoftruthtickets.com\/privacy-policy\/#breadcrumb"},"inLanguage":"es","potentialAction":[{"@type":"ReadAction","target":["https:\/\/sanctuaryoftruthtickets.com\/privacy-policy\/"]}]},{"@type":"BreadcrumbList","@id":"https:\/\/sanctuaryoftruthtickets.com\/privacy-policy\/#breadcrumb","itemListElement":[{"@type":"ListItem","position":1,"name":"Home","item":"https:\/\/sanctuaryoftruthtickets.com\/"},{"@type":"ListItem","position":2,"name":"Privacy Policy"}]},{"@type":"WebSite","@id":"https:\/\/sanctuaryoftruthtickets.com\/#website","url":"https:\/\/sanctuaryoftruthtickets.com\/","name":"El Santuario De La Verdad","description":"","publisher":{"@id":"https:\/\/sanctuaryoftruthtickets.com\/#organization"},"potentialAction":[{"@type":"SearchAction","target":{"@type":"EntryPoint","urlTemplate":"https:\/\/sanctuaryoftruthtickets.com\/?s={search_term_string}"},"query-input":{"@type":"PropertyValueSpecification","valueRequired":true,"valueName":"search_term_string"}}],"inLanguage":"es"},{"@type":"Organization","@id":"https:\/\/sanctuaryoftruthtickets.com\/#organization","name":"El Santuario De La Verdad","url":"https:\/\/sanctuaryoftruthtickets.com\/","logo":{"@type":"ImageObject","inLanguage":"es","@id":"https:\/\/sanctuaryoftruthtickets.com\/#\/schema\/logo\/image\/","url":"https:\/\/sanctuaryoftruthtickets.com\/wp-content\/uploads\/2024\/08\/Sanctuary-Of-Truth.png","contentUrl":"https:\/\/sanctuaryoftruthtickets.com\/wp-content\/uploads\/2024\/08\/Sanctuary-Of-Truth.png","width":350,"height":100,"caption":"The Sanctuary Of Truth"},"image":{"@id":"https:\/\/sanctuaryoftruthtickets.com\/#\/schema\/logo\/image\/"}}]}},"jetpack_sharing_enabled":true,"_links":{"self":[{"href":"https:\/\/sanctuaryoftruthtickets.com\/es\/wp-json\/wp\/v2\/pages\/3","targetHints":{"allow":["GET"]}}],"collection":[{"href":"https:\/\/sanctuaryoftruthtickets.com\/es\/wp-json\/wp\/v2\/pages"}],"about":[{"href":"https:\/\/sanctuaryoftruthtickets.com\/es\/wp-json\/wp\/v2\/types\/page"}],"author":[{"embeddable":true,"href":"https:\/\/sanctuaryoftruthtickets.com\/es\/wp-json\/wp\/v2\/users\/1"}],"replies":[{"embeddable":true,"href":"https:\/\/sanctuaryoftruthtickets.com\/es\/wp-json\/wp\/v2\/comments?post=3"}],"version-history":[{"count":27,"href":"https:\/\/sanctuaryoftruthtickets.com\/es\/wp-json\/wp\/v2\/pages\/3\/revisions"}],"predecessor-version":[{"id":3373,"href":"https:\/\/sanctuaryoftruthtickets.com\/es\/wp-json\/wp\/v2\/pages\/3\/revisions\/3373"}],"wp:attachment":[{"href":"https:\/\/sanctuaryoftruthtickets.com\/es\/wp-json\/wp\/v2\/media?parent=3"}],"curies":[{"name":"Gracias","href":"https:\/\/api.w.org\/{rel}","templated":true}]}}