{"id":2373,"date":"2024-10-14T17:49:58","date_gmt":"2024-10-14T12:19:58","guid":{"rendered":"https:\/\/sanctuaryoftruthtickets.com\/?page_id=2373"},"modified":"2025-05-19T12:19:49","modified_gmt":"2025-05-19T06:49:49","slug":"contate-nos","status":"publish","type":"page","link":"https:\/\/sanctuaryoftruthtickets.com\/pt\/contate-nos\/","title":{"rendered":"Contate-nos"},"content":{"rendered":"<div data-elementor-type=\"wp-page\" data-elementor-id=\"2373\" class=\"elementor elementor-2373\" data-elementor-post-type=\"page\">\n\t\t\t\t\t\t<section data-particle_enable=\"false\" data-particle-mobile-disabled=\"false\" class=\"elementor-section elementor-top-section elementor-element elementor-element-f3e94ce elementor-section-boxed elementor-section-height-default elementor-section-height-default\" data-id=\"f3e94ce\" data-element_type=\"section\" data-e-type=\"section\">\n\t\t\t\t\t\t<div class=\"elementor-container elementor-column-gap-default\">\n\t\t\t\t\t<div class=\"elementor-column elementor-col-100 elementor-top-column elementor-element elementor-element-39bb9e9\" data-id=\"39bb9e9\" data-element_type=\"column\" data-e-type=\"column\">\n\t\t\t<div class=\"elementor-widget-wrap elementor-element-populated\">\n\t\t\t\t\t\t<div class=\"elementor-element elementor-element-7c4897a elementor-widget elementor-widget-text-editor\" data-id=\"7c4897a\" data-element_type=\"widget\" data-e-type=\"widget\" data-widget_type=\"text-editor.default\">\n\t\t\t\t<div class=\"elementor-widget-container\">\n\t\t\t\t\t\t\t\t\t<h2 style=\"text-align: center;\"><span style=\"color: #000000;\">Contate-nos<\/span><\/h2><p><span style=\"color: #000000;\">No <a href=\"https:\/\/sanctuaryoftruthtickets.com\/pt\/\"><strong>Ingressos para o Santu\u00e1rio da Verdade<\/strong><\/a>, estamos comprometidos em fornecer uma experi\u00eancia excepcional para cada visitante. Se voc\u00ea precisa de assist\u00eancia com reservas de ingressos, tem d\u00favidas sobre sua pr\u00f3xima visita ou precisa de ajuda com qualquer outro aspecto de seus planos de viagem, nossa equipe est\u00e1 aqui para apoi\u00e1-lo em cada passo do caminho.<\/span><\/p><h3><span style=\"color: #000000;\">Como nos contactar<\/span><\/h3><p><span style=\"color: #000000;\">Para quaisquer d\u00favidas ou preocupa\u00e7\u00f5es, n\u00e3o hesite em entrar em contato para obter assist\u00eancia imediata.<\/span><\/p><ul><li><span style=\"color: #000000;\"><strong>E-mail<\/strong>: <a style=\"color: #000000;\" href=\"mailto:contact@sanctuaryoftruthtickets.com\" rel=\"noopener\">contact@sanctuaryoftruthtickets.com<\/a><\/span><\/li><li><span style=\"color: #000000;\"><strong>Bate-papo ao vivo<\/strong>: Obtenha suporte instant\u00e2neo atrav\u00e9s do <a href=\"https:\/\/direct.lc.chat\/18378282\/\"><strong>Bate-papo ao vivo<\/strong><\/a> recurso em nosso site para quaisquer d\u00favidas imediatas.<\/span><\/li><\/ul><h3><span style=\"color: #000000;\">Hor\u00e1rio de Atendimento ao Cliente<\/span><\/h3><p><span style=\"color: #000000;\">Nossa equipe de suporte ao cliente est\u00e1 dispon\u00edvel para ajudar voc\u00ea e garantir que sua visita seja tranquila e memor\u00e1vel.<\/span><\/p><p><span style=\"color: #000000;\">\ud83d\udd52 <strong>Disponibilidade de suporte<\/strong>: 24 horas por dia, 7 dias por semana, todos os dias.<\/span><\/p><h3><span style=\"color: #000000;\">Por que entrar em contato <strong>O Santu\u00e1rio da Verdade<\/strong>?<\/span><\/h3><p><span style=\"color: #000000;\">No <strong>O Santu\u00e1rio da Verdade<\/strong>, n\u00f3s nos esfor\u00e7amos para oferecer um excelente servi\u00e7o ao cliente, garantindo que sua experi\u00eancia de reserva e visita sejam sem complica\u00e7\u00f5es. Da assist\u00eancia com ingressos e consultas de pagamento a perguntas gerais sobre o templo e atividades, estamos aqui para tornar sua jornada por um dos marcos mais ic\u00f4nicos da Tail\u00e2ndia verdadeiramente inesquec\u00edvel.<\/span><\/p><p><span style=\"color: #000000;\">Estamos ansiosos para ajud\u00e1-lo a aproveitar ao m\u00e1ximo sua visita a <strong>O <a href=\"https:\/\/sanctuaryoftruthtickets.com\/pt\/\">Santu\u00e1rio da Verdade<\/a><\/strong>!<\/span><\/p>\t\t\t\t\t\t\t\t<\/div>\n\t\t\t\t<\/div>\n\t\t\t\t\t<\/div>\n\t\t<\/div>\n\t\t\t\t\t<\/div>\n\t\t<\/section>\n\t\t\t\t<\/div>","protected":false},"excerpt":{"rendered":"<p>Contact Us At The Sanctuary of Truth Tickets, we are committed to providing an exceptional experience for every visitor. Whether you need assistance with ticket bookings, have questions about your upcoming visit, or require help with any other aspect of your travel plans, our team is here to support you every step of the way. [&hellip;]<\/p>\n","protected":false},"author":1,"featured_media":0,"parent":0,"menu_order":0,"comment_status":"closed","ping_status":"closed","template":"","meta":{"ocean_post_layout":"","ocean_both_sidebars_style":"","ocean_both_sidebars_content_width":0,"ocean_both_sidebars_sidebars_width":0,"ocean_sidebar":"","ocean_second_sidebar":"","ocean_disable_margins":"enable","ocean_add_body_class":"","ocean_shortcode_before_top_bar":"","ocean_shortcode_after_top_bar":"","ocean_shortcode_before_header":"","ocean_shortcode_after_header":"","ocean_has_shortcode":"","ocean_shortcode_after_title":"","ocean_shortcode_before_footer_widgets":"","ocean_shortcode_after_footer_widgets":"","ocean_shortcode_before_footer_bottom":"","ocean_shortcode_after_footer_bottom":"","ocean_display_top_bar":"default","ocean_display_header":"default","ocean_header_style":"","ocean_center_header_left_menu":"","ocean_custom_header_template":"","ocean_custom_logo":0,"ocean_custom_retina_logo":0,"ocean_custom_logo_max_width":0,"ocean_custom_logo_tablet_max_width":0,"ocean_custom_logo_mobile_max_width":0,"ocean_custom_logo_max_height":0,"ocean_custom_logo_tablet_max_height":0,"ocean_custom_logo_mobile_max_height":0,"ocean_header_custom_menu":"","ocean_menu_typo_font_family":"","ocean_menu_typo_font_subset":"","ocean_menu_typo_font_size":0,"ocean_menu_typo_font_size_tablet":0,"ocean_menu_typo_font_size_mobile":0,"ocean_menu_typo_font_size_unit":"px","ocean_menu_typo_font_weight":"","ocean_menu_typo_font_weight_tablet":"","ocean_menu_typo_font_weight_mobile":"","ocean_menu_typo_transform":"","ocean_menu_typo_transform_tablet":"","ocean_menu_typo_transform_mobile":"","ocean_menu_typo_line_height":0,"ocean_menu_typo_line_height_tablet":0,"ocean_menu_typo_line_height_mobile":0,"ocean_menu_typo_line_height_unit":"","ocean_menu_typo_spacing":0,"ocean_menu_typo_spacing_tablet":0,"ocean_menu_typo_spacing_mobile":0,"ocean_menu_typo_spacing_unit":"","ocean_menu_link_color":"","ocean_menu_link_color_hover":"","ocean_menu_link_color_active":"","ocean_menu_link_background":"","ocean_menu_link_hover_background":"","ocean_menu_link_active_background":"","ocean_menu_social_links_bg":"","ocean_menu_social_hover_links_bg":"","ocean_menu_social_links_color":"","ocean_menu_social_hover_links_color":"","ocean_disable_title":"default","ocean_disable_heading":"default","ocean_post_title":"","ocean_post_subheading":"","ocean_post_title_style":"","ocean_post_title_background_color":"","ocean_post_title_background":0,"ocean_post_title_bg_image_position":"","ocean_post_title_bg_image_attachment":"","ocean_post_title_bg_image_repeat":"","ocean_post_title_bg_image_size":"","ocean_post_title_height":0,"ocean_post_title_bg_overlay":0.5,"ocean_post_title_bg_overlay_color":"","ocean_disable_breadcrumbs":"default","ocean_breadcrumbs_color":"","ocean_breadcrumbs_separator_color":"","ocean_breadcrumbs_links_color":"","ocean_breadcrumbs_links_hover_color":"","ocean_display_footer_widgets":"default","ocean_display_footer_bottom":"default","ocean_custom_footer_template":"","footnotes":""},"class_list":["post-2373","page","type-page","status-publish","hentry","entry","owp-thumbs-layout-horizontal","owp-btn-normal","owp-tabs-layout-horizontal","has-no-thumbnails","has-product-nav"],"yoast_head":"<!-- This site is optimized with the Yoast SEO plugin v27.4 - https:\/\/yoast.com\/product\/yoast-seo-wordpress\/ -->\n<title>Contact Us | The Sanctuary Of Truth Tickets - Reach Triplyn Team<\/title>\n<meta name=\"description\" content=\"Connect With The Sanctuary Of Truth For Ticket Booking Assistance And Inquiries. Reach Out Today For A Smooth And Enjoyable Experience!\" \/>\n<meta name=\"robots\" content=\"noindex, follow\" \/>\n<meta property=\"og:locale\" content=\"pt_PT\" \/>\n<meta property=\"og:type\" content=\"article\" \/>\n<meta property=\"og:title\" content=\"Contact Us | The Sanctuary Of Truth Tickets - Reach Triplyn Team\" \/>\n<meta property=\"og:description\" content=\"Connect With The Sanctuary Of Truth For Ticket Booking Assistance And Inquiries. Reach Out Today For A Smooth And Enjoyable Experience!\" \/>\n<meta property=\"og:url\" content=\"https:\/\/sanctuaryoftruthtickets.com\/pt\/contate-nos\/\" \/>\n<meta property=\"og:site_name\" content=\"The Sanctuary Of Truth\" \/>\n<meta property=\"article:modified_time\" content=\"2025-05-19T06:49:49+00:00\" \/>\n<meta name=\"twitter:card\" content=\"summary_large_image\" \/>\n<meta name=\"twitter:label1\" content=\"Tempo estimado de leitura\" \/>\n\t<meta name=\"twitter:data1\" content=\"2 minutos\" \/>\n<script type=\"application\/ld+json\" class=\"yoast-schema-graph\">{\"@context\":\"https:\\\/\\\/schema.org\",\"@graph\":[{\"@type\":\"WebPage\",\"@id\":\"https:\\\/\\\/sanctuaryoftruthtickets.com\\\/contact-us\\\/\",\"url\":\"https:\\\/\\\/sanctuaryoftruthtickets.com\\\/contact-us\\\/\",\"name\":\"Contact Us | The Sanctuary Of Truth Tickets - Reach Triplyn Team\",\"isPartOf\":{\"@id\":\"https:\\\/\\\/sanctuaryoftruthtickets.com\\\/#website\"},\"datePublished\":\"2024-10-14T12:19:58+00:00\",\"dateModified\":\"2025-05-19T06:49:49+00:00\",\"description\":\"Connect With The Sanctuary Of Truth For Ticket Booking Assistance And Inquiries. Reach Out Today For A Smooth And Enjoyable Experience!\",\"breadcrumb\":{\"@id\":\"https:\\\/\\\/sanctuaryoftruthtickets.com\\\/contact-us\\\/#breadcrumb\"},\"inLanguage\":\"pt-PT\",\"potentialAction\":[{\"@type\":\"ReadAction\",\"target\":[\"https:\\\/\\\/sanctuaryoftruthtickets.com\\\/contact-us\\\/\"]}]},{\"@type\":\"BreadcrumbList\",\"@id\":\"https:\\\/\\\/sanctuaryoftruthtickets.com\\\/contact-us\\\/#breadcrumb\",\"itemListElement\":[{\"@type\":\"ListItem\",\"position\":1,\"name\":\"Home\",\"item\":\"https:\\\/\\\/sanctuaryoftruthtickets.com\\\/\"},{\"@type\":\"ListItem\",\"position\":2,\"name\":\"Contact Us\"}]},{\"@type\":\"WebSite\",\"@id\":\"https:\\\/\\\/sanctuaryoftruthtickets.com\\\/#website\",\"url\":\"https:\\\/\\\/sanctuaryoftruthtickets.com\\\/\",\"name\":\"The Sanctuary Of Truth\",\"description\":\"\",\"publisher\":{\"@id\":\"https:\\\/\\\/sanctuaryoftruthtickets.com\\\/#organization\"},\"potentialAction\":[{\"@type\":\"SearchAction\",\"target\":{\"@type\":\"EntryPoint\",\"urlTemplate\":\"https:\\\/\\\/sanctuaryoftruthtickets.com\\\/?s={search_term_string}\"},\"query-input\":{\"@type\":\"PropertyValueSpecification\",\"valueRequired\":true,\"valueName\":\"search_term_string\"}}],\"inLanguage\":\"pt-PT\"},{\"@type\":\"Organization\",\"@id\":\"https:\\\/\\\/sanctuaryoftruthtickets.com\\\/#organization\",\"name\":\"The Sanctuary Of Truth\",\"url\":\"https:\\\/\\\/sanctuaryoftruthtickets.com\\\/\",\"logo\":{\"@type\":\"ImageObject\",\"inLanguage\":\"pt-PT\",\"@id\":\"https:\\\/\\\/sanctuaryoftruthtickets.com\\\/#\\\/schema\\\/logo\\\/image\\\/\",\"url\":\"https:\\\/\\\/sanctuaryoftruthtickets.com\\\/wp-content\\\/uploads\\\/2024\\\/08\\\/Sanctuary-Of-Truth.png\",\"contentUrl\":\"https:\\\/\\\/sanctuaryoftruthtickets.com\\\/wp-content\\\/uploads\\\/2024\\\/08\\\/Sanctuary-Of-Truth.png\",\"width\":350,\"height\":100,\"caption\":\"The Sanctuary Of Truth\"},\"image\":{\"@id\":\"https:\\\/\\\/sanctuaryoftruthtickets.com\\\/#\\\/schema\\\/logo\\\/image\\\/\"}}]}<\/script>\n<!-- \/ Yoast SEO plugin. -->","yoast_head_json":{"title":"Contate-nos | Ingressos para o Santu\u00e1rio da Verdade - Reach Triplyn Team","description":"Entre em contato com o Sanctuary Of Truth para obter assist\u00eancia e consultas sobre reservas de ingressos. Entre em contato hoje mesmo para uma experi\u00eancia tranquila e agrad\u00e1vel!","robots":{"index":"noindex","follow":"follow"},"og_locale":"pt_PT","og_type":"article","og_title":"Contact Us | The Sanctuary Of Truth Tickets - Reach Triplyn Team","og_description":"Connect With The Sanctuary Of Truth For Ticket Booking Assistance And Inquiries. Reach Out Today For A Smooth And Enjoyable Experience!","og_url":"https:\/\/sanctuaryoftruthtickets.com\/pt\/contate-nos\/","og_site_name":"The Sanctuary Of Truth","article_modified_time":"2025-05-19T06:49:49+00:00","twitter_card":"summary_large_image","twitter_misc":{"Tempo estimado de leitura":"2 minutos"},"schema":{"@context":"https:\/\/schema.org","@graph":[{"@type":"WebPage","@id":"https:\/\/sanctuaryoftruthtickets.com\/contact-us\/","url":"https:\/\/sanctuaryoftruthtickets.com\/contact-us\/","name":"Contate-nos | Ingressos para o Santu\u00e1rio da Verdade - Reach Triplyn Team","isPartOf":{"@id":"https:\/\/sanctuaryoftruthtickets.com\/#website"},"datePublished":"2024-10-14T12:19:58+00:00","dateModified":"2025-05-19T06:49:49+00:00","description":"Entre em contato com o Sanctuary Of Truth para obter assist\u00eancia e consultas sobre reservas de ingressos. Entre em contato hoje mesmo para uma experi\u00eancia tranquila e agrad\u00e1vel!","breadcrumb":{"@id":"https:\/\/sanctuaryoftruthtickets.com\/contact-us\/#breadcrumb"},"inLanguage":"pt-PT","potentialAction":[{"@type":"ReadAction","target":["https:\/\/sanctuaryoftruthtickets.com\/contact-us\/"]}]},{"@type":"BreadcrumbList","@id":"https:\/\/sanctuaryoftruthtickets.com\/contact-us\/#breadcrumb","itemListElement":[{"@type":"ListItem","position":1,"name":"Home","item":"https:\/\/sanctuaryoftruthtickets.com\/"},{"@type":"ListItem","position":2,"name":"Contact Us"}]},{"@type":"WebSite","@id":"https:\/\/sanctuaryoftruthtickets.com\/#website","url":"https:\/\/sanctuaryoftruthtickets.com\/","name":"O Santu\u00e1rio da Verdade","description":"","publisher":{"@id":"https:\/\/sanctuaryoftruthtickets.com\/#organization"},"potentialAction":[{"@type":"SearchAction","target":{"@type":"EntryPoint","urlTemplate":"https:\/\/sanctuaryoftruthtickets.com\/?s={search_term_string}"},"query-input":{"@type":"PropertyValueSpecification","valueRequired":true,"valueName":"search_term_string"}}],"inLanguage":"pt-PT"},{"@type":"Organization","@id":"https:\/\/sanctuaryoftruthtickets.com\/#organization","name":"O Santu\u00e1rio da Verdade","url":"https:\/\/sanctuaryoftruthtickets.com\/","logo":{"@type":"ImageObject","inLanguage":"pt-PT","@id":"https:\/\/sanctuaryoftruthtickets.com\/#\/schema\/logo\/image\/","url":"https:\/\/sanctuaryoftruthtickets.com\/wp-content\/uploads\/2024\/08\/Sanctuary-Of-Truth.png","contentUrl":"https:\/\/sanctuaryoftruthtickets.com\/wp-content\/uploads\/2024\/08\/Sanctuary-Of-Truth.png","width":350,"height":100,"caption":"The Sanctuary Of Truth"},"image":{"@id":"https:\/\/sanctuaryoftruthtickets.com\/#\/schema\/logo\/image\/"}}]}},"jetpack_sharing_enabled":true,"_links":{"self":[{"href":"https:\/\/sanctuaryoftruthtickets.com\/pt\/wp-json\/wp\/v2\/pages\/2373","targetHints":{"allow":["GET"]}}],"collection":[{"href":"https:\/\/sanctuaryoftruthtickets.com\/pt\/wp-json\/wp\/v2\/pages"}],"about":[{"href":"https:\/\/sanctuaryoftruthtickets.com\/pt\/wp-json\/wp\/v2\/types\/page"}],"author":[{"embeddable":true,"href":"https:\/\/sanctuaryoftruthtickets.com\/pt\/wp-json\/wp\/v2\/users\/1"}],"replies":[{"embeddable":true,"href":"https:\/\/sanctuaryoftruthtickets.com\/pt\/wp-json\/wp\/v2\/comments?post=2373"}],"version-history":[{"count":35,"href":"https:\/\/sanctuaryoftruthtickets.com\/pt\/wp-json\/wp\/v2\/pages\/2373\/revisions"}],"predecessor-version":[{"id":3530,"href":"https:\/\/sanctuaryoftruthtickets.com\/pt\/wp-json\/wp\/v2\/pages\/2373\/revisions\/3530"}],"wp:attachment":[{"href":"https:\/\/sanctuaryoftruthtickets.com\/pt\/wp-json\/wp\/v2\/media?parent=2373"}],"curies":[{"name":"wp","href":"https:\/\/api.w.org\/{rel}","templated":true}]}}