{"id":3,"date":"2024-08-27T12:39:40","date_gmt":"2024-08-27T12:39:40","guid":{"rendered":"https:\/\/sanctuaryoftruthtickets.com\/?page_id=3"},"modified":"2025-01-16T05:41:43","modified_gmt":"2025-01-16T00:11:43","slug":"politica-de-privacidade","status":"publish","type":"page","link":"https:\/\/sanctuaryoftruthtickets.com\/pt\/politica-de-privacidade\/","title":{"rendered":"pol\u00edtica de Privacidade"},"content":{"rendered":"<div data-elementor-type=\"wp-page\" data-elementor-id=\"3\" class=\"elementor elementor-3\" data-elementor-post-type=\"page\">\n\t\t\t\t\t\t<section data-particle_enable=\"false\" data-particle-mobile-disabled=\"false\" class=\"elementor-section elementor-top-section elementor-element elementor-element-dc0f9af elementor-section-boxed elementor-section-height-default elementor-section-height-default\" data-id=\"dc0f9af\" data-element_type=\"section\" data-e-type=\"section\">\n\t\t\t\t\t\t<div class=\"elementor-container elementor-column-gap-default\">\n\t\t\t\t\t<div class=\"elementor-column elementor-col-100 elementor-top-column elementor-element elementor-element-4ce1bb3\" data-id=\"4ce1bb3\" data-element_type=\"column\" data-e-type=\"column\">\n\t\t\t<div class=\"elementor-widget-wrap elementor-element-populated\">\n\t\t\t\t\t\t<div class=\"elementor-element elementor-element-feae045 elementor-widget elementor-widget-text-editor\" data-id=\"feae045\" data-element_type=\"widget\" data-e-type=\"widget\" data-widget_type=\"text-editor.default\">\n\t\t\t\t<div class=\"elementor-widget-container\">\n\t\t\t\t\t\t\t\t\t<h2 style=\"text-align: center;\"><span style=\"color: #000000;\">Pol\u00edtica de Privacidade para <strong>Ingressos para o Santu\u00e1rio da Verdade<\/strong><\/span><\/h2><p><span style=\"color: #000000;\">No <a href=\"https:\/\/sanctuaryoftruthtickets.com\/pt\/\"><strong>O Santu\u00e1rio da Verdade<\/strong><\/a>, operado por <strong>F\u00e9rias Triplyn<\/strong>, estamos comprometidos em proteger sua privacidade e garantir a seguran\u00e7a de suas informa\u00e7\u00f5es pessoais. Esta Pol\u00edtica de Privacidade descreve como coletamos, usamos e protegemos seus dados quando voc\u00ea interage com nosso site, <a style=\"color: #000000;\" href=\"https:\/\/sanctuaryoftruthtickets.com\/pt\/\" target=\"_new\" rel=\"noopener\">https:\/\/sanctuaryoftruthtickets.com<\/a>.<\/span><\/p><hr \/><h3><span style=\"color: #000000;\">1. <strong>Informa\u00e7\u00f5es que coletamos<\/strong><\/span><\/h3><p><span style=\"color: #000000;\">Para melhorar sua experi\u00eancia e fornecer servi\u00e7os perfeitos, coletamos os seguintes tipos de dados:<\/span><\/p><ul><li><p><span style=\"color: #000000;\"><strong>Informa\u00e7\u00f5es pessoais<\/strong>: Isso inclui seu nome, detalhes de contato e endere\u00e7o de e-mail quando voc\u00ea faz reservas de ingressos ou envia consultas.<\/span><\/p><\/li><li><p><span style=\"color: #000000;\"><strong>Dados de pagamento<\/strong>: As informa\u00e7\u00f5es de pagamento s\u00e3o processadas com seguran\u00e7a por meio de sistemas de terceiros confi\u00e1veis para garantir que seus dados financeiros estejam protegidos.<\/span><\/p><\/li><li><p><span style=\"color: #000000;\"><strong>Informa\u00e7\u00f5es de uso do site<\/strong>: Coletamos dados como endere\u00e7os IP, tipos de navegadores e cookies para analisar o tr\u00e1fego do site, melhorar a funcionalidade e otimizar sua experi\u00eancia de navega\u00e7\u00e3o.<\/span><\/p><\/li><\/ul><hr \/><h3><span style=\"color: #000000;\">2. <strong>Como usamos suas informa\u00e7\u00f5es<\/strong><\/span><\/h3><p><span style=\"color: #000000;\">Utilizamos suas informa\u00e7\u00f5es para os seguintes prop\u00f3sitos:<\/span><\/p><ul><li><p><span style=\"color: #000000;\"><strong>Processando Reservas<\/strong>: Para confirmar e entregar servi\u00e7os relacionados \u00e0s suas compras de ingressos.<\/span><\/p><\/li><li><p><span style=\"color: #000000;\"><strong>Confirma\u00e7\u00e3o de reserva e atualiza\u00e7\u00f5es<\/strong>: Para enviar confirma\u00e7\u00f5es de reservas, lembretes e atualiza\u00e7\u00f5es sobre sua visita.<\/span><\/p><\/li><li><p><span style=\"color: #000000;\"><strong>Suporte ao cliente<\/strong>: Para responder \u00e0s suas d\u00favidas e fornecer assist\u00eancia com seus ingressos e outros servi\u00e7os.<\/span><\/p><\/li><li><p><span style=\"color: #000000;\"><strong>Otimiza\u00e7\u00e3o de site<\/strong>: Para melhorar o desempenho do site e sua experi\u00eancia geral do usu\u00e1rio.<\/span><\/p><\/li><li><p><span style=\"color: #000000;\"><strong>Promo\u00e7\u00f5es e Newsletters<\/strong>: Para enviar atualiza\u00e7\u00f5es, promo\u00e7\u00f5es e ofertas relevantes (somente com seu consentimento).<\/span><\/p><\/li><\/ul><hr \/><h3><span style=\"color: #000000;\">3. <strong>Seguran\u00e7a de Dados<\/strong><\/span><\/h3><p><span style=\"color: #000000;\">Sua privacidade e seguran\u00e7a s\u00e3o nossa maior prioridade. N\u00f3s usamos <strong>Criptografia SSL<\/strong> e outras medidas de seguran\u00e7a para proteger suas informa\u00e7\u00f5es pessoais contra acesso n\u00e3o autorizado, altera\u00e7\u00e3o ou uso indevido.<\/span><\/p><hr \/><h3><span style=\"color: #000000;\">4. <strong>Compartilhando suas informa\u00e7\u00f5es<\/strong><\/span><\/h3><ul><li><span style=\"color: #000000;\"><strong>Nenhuma venda de dados pessoais<\/strong>: N\u00e3o vendemos ou compartilhamos seus dados pessoais com terceiros n\u00e3o autorizados. Suas informa\u00e7\u00f5es podem ser compartilhadas com parceiros confi\u00e1veis, como processadores de pagamento, para concluir transa\u00e7\u00f5es de forma segura e eficiente, com total confidencialidade.<\/span><\/li><\/ul><hr \/><h3><span style=\"color: #000000;\">5. <strong>Seus direitos<\/strong><\/span><\/h3><p><span style=\"color: #000000;\">Como usu\u00e1rio, voc\u00ea tem o direito de:<\/span><\/p><ul><li><p><span style=\"color: #000000;\"><strong>Acesso<\/strong>: Revise as informa\u00e7\u00f5es que coletamos sobre voc\u00ea.<\/span><\/p><\/li><li><p><span style=\"color: #000000;\"><strong>Corre\u00e7\u00e3o<\/strong>: Solicitar atualiza\u00e7\u00f5es ou corre\u00e7\u00f5es de quaisquer informa\u00e7\u00f5es imprecisas.<\/span><\/p><\/li><li><p><span style=\"color: #000000;\"><strong>Elimina\u00e7\u00e3o<\/strong>: Solicitar a remo\u00e7\u00e3o dos seus dados quando eles n\u00e3o forem mais necess\u00e1rios para os servi\u00e7os prestados.<\/span><\/p><\/li><li><p><span style=\"color: #000000;\"><strong>Excluir<\/strong>: Cancele a assinatura das comunica\u00e7\u00f5es de marketing a qualquer momento enviando um e-mail para <a style=\"color: #000000;\" href=\"mailto:contact@sanctuaryoftruthtickets.com\" rel=\"noopener\">contact@sanctuaryoftruthtickets.com<\/a>.<\/span><\/p><\/li><\/ul><hr \/><h3><span style=\"color: #000000;\">6. <strong>Biscoitos<\/strong><\/span><\/h3><p><span style=\"color: #000000;\">Usamos cookies para lhe proporcionar uma experi\u00eancia de navega\u00e7\u00e3o mais personalizada. Os cookies nos ajudam a analisar a atividade do usu\u00e1rio e otimizar o conte\u00fado em nosso site. Voc\u00ea pode ajustar suas prefer\u00eancias de cookies por meio das configura\u00e7\u00f5es do seu navegador a qualquer momento.<\/span><\/p><hr \/><h3><span style=\"color: #000000;\">7. <strong>Links de terceiros<\/strong><\/span><\/h3><p><span style=\"color: #000000;\">Nosso site pode conter links para sites externos. N\u00e3o somos respons\u00e1veis pelas pr\u00e1ticas de privacidade ou conte\u00fado desses sites de terceiros. Recomendamos que voc\u00ea revise suas pol\u00edticas de privacidade antes de fornecer qualquer informa\u00e7\u00e3o pessoal.<\/span><\/p><hr \/><h3><span style=\"color: #000000;\">8. <strong>Atualiza\u00e7\u00f5es de pol\u00edtica<\/strong><\/span><\/h3><p><span style=\"color: #000000;\">Esta Pol\u00edtica de Privacidade pode ser atualizada periodicamente para refletir mudan\u00e7as em nossas pr\u00e1ticas. Quaisquer atualiza\u00e7\u00f5es ser\u00e3o publicadas nesta p\u00e1gina, e n\u00f3s o encorajamos a revisar esta pol\u00edtica regularmente para se manter informado sobre como protegemos seus dados.<\/span><\/p><hr \/><h3><span style=\"color: #000000;\">9. <strong>Informa\u00e7\u00f5es de contato<\/strong><\/span><\/h3><p><span style=\"color: #000000;\">Para quaisquer d\u00favidas relacionadas a esta Pol\u00edtica de Privacidade ou seus dados pessoais, sinta-se \u00e0 vontade para entrar em contato conosco em:<\/span><\/p><ul><li><span style=\"color: #000000;\"><strong>nome da empresa<\/strong>: F\u00e9rias Triplyn<\/span><\/li><li><span style=\"color: #000000;\"><strong>E-mail<\/strong>: <a style=\"color: #000000;\" href=\"mailto:contact@sanctuaryoftruthtickets.com\" rel=\"noopener\">contact@sanctuaryoftruthtickets.com<\/a><\/span><\/li><li><span style=\"color: #000000;\"><strong>Endere\u00e7o<\/strong>: A-54, \u00c1rea Industrial de Keshopur, Vikaspuri, Nova Delhi 110018, \u00cdndia<\/span><\/li><\/ul><hr \/><h3><span style=\"color: #000000;\">10. <strong>Consentimento e conformidade legal<\/strong><\/span><\/h3><p><span style=\"color: #000000;\">Ao usar nosso site, voc\u00ea consente com a coleta e uso de seus dados de acordo com esta Pol\u00edtica de Privacidade. Cumprimos as leis de prote\u00e7\u00e3o de dados aplic\u00e1veis, incluindo <strong>RGPD<\/strong>, para garantir que seus direitos sejam respeitados.<\/span><\/p><hr \/><h3><span style=\"color: #000000;\">11. <strong>Privacidade das crian\u00e7as<\/strong><\/span><\/h3><p><span style=\"color: #000000;\">N\u00e3o coletamos intencionalmente dados pessoais de crian\u00e7as menores de 13 anos. Se tomarmos conhecimento de que tais dados foram coletados, tomaremos medidas imediatas para remov\u00ea-los de nossos registros.<\/span><\/p><hr \/><h3><span style=\"color: #000000;\">12. <strong>Reten\u00e7\u00e3o de dados<\/strong><\/span><\/h3><p><span style=\"color: #000000;\">N\u00f3s retemos seus dados pessoais apenas pelo tempo necess\u00e1rio para fornecer nossos servi\u00e7os. Mediante sua solicita\u00e7\u00e3o de exclus\u00e3o de dados, garantiremos que seus dados sejam removidos com seguran\u00e7a de nossos sistemas.<\/span><\/p><hr \/><p><span style=\"color: #000000;\">No <strong>F\u00e9rias Triplyn<\/strong>, estamos comprometidos em gerenciar suas informa\u00e7\u00f5es pessoais com o mais alto n\u00edvel de cuidado e responsabilidade, garantindo que sua experi\u00eancia com <strong>O <a href=\"https:\/\/sanctuaryoftruthtickets.com\/pt\/\">Ingressos para o Santu\u00e1rio da Verdade<\/a><\/strong> \u00e9 seguro e agrad\u00e1vel.<\/span><\/p>\t\t\t\t\t\t\t\t<\/div>\n\t\t\t\t<\/div>\n\t\t\t\t\t<\/div>\n\t\t<\/div>\n\t\t\t\t\t<\/div>\n\t\t<\/section>\n\t\t\t\t<\/div>","protected":false},"excerpt":{"rendered":"<p>Privacy Policy for The Sanctuary of Truth Tickets At The Sanctuary of Truth, operated by Triplyn Holidays, we are committed to protecting your privacy and ensuring the security of your personal information. This Privacy Policy outlines how we collect, use, and protect your data when you interact with our website, https:\/\/sanctuaryoftruthtickets.com. 1. Information We Collect [&hellip;]<\/p>\n","protected":false},"author":1,"featured_media":0,"parent":0,"menu_order":0,"comment_status":"closed","ping_status":"open","template":"","meta":{"ocean_post_layout":"","ocean_both_sidebars_style":"","ocean_both_sidebars_content_width":0,"ocean_both_sidebars_sidebars_width":0,"ocean_sidebar":"","ocean_second_sidebar":"","ocean_disable_margins":"enable","ocean_add_body_class":"","ocean_shortcode_before_top_bar":"","ocean_shortcode_after_top_bar":"","ocean_shortcode_before_header":"","ocean_shortcode_after_header":"","ocean_has_shortcode":"","ocean_shortcode_after_title":"","ocean_shortcode_before_footer_widgets":"","ocean_shortcode_after_footer_widgets":"","ocean_shortcode_before_footer_bottom":"","ocean_shortcode_after_footer_bottom":"","ocean_display_top_bar":"default","ocean_display_header":"default","ocean_header_style":"","ocean_center_header_left_menu":"","ocean_custom_header_template":"","ocean_custom_logo":0,"ocean_custom_retina_logo":0,"ocean_custom_logo_max_width":0,"ocean_custom_logo_tablet_max_width":0,"ocean_custom_logo_mobile_max_width":0,"ocean_custom_logo_max_height":0,"ocean_custom_logo_tablet_max_height":0,"ocean_custom_logo_mobile_max_height":0,"ocean_header_custom_menu":"","ocean_menu_typo_font_family":"","ocean_menu_typo_font_subset":"","ocean_menu_typo_font_size":0,"ocean_menu_typo_font_size_tablet":0,"ocean_menu_typo_font_size_mobile":0,"ocean_menu_typo_font_size_unit":"px","ocean_menu_typo_font_weight":"","ocean_menu_typo_font_weight_tablet":"","ocean_menu_typo_font_weight_mobile":"","ocean_menu_typo_transform":"","ocean_menu_typo_transform_tablet":"","ocean_menu_typo_transform_mobile":"","ocean_menu_typo_line_height":0,"ocean_menu_typo_line_height_tablet":0,"ocean_menu_typo_line_height_mobile":0,"ocean_menu_typo_line_height_unit":"","ocean_menu_typo_spacing":0,"ocean_menu_typo_spacing_tablet":0,"ocean_menu_typo_spacing_mobile":0,"ocean_menu_typo_spacing_unit":"","ocean_menu_link_color":"","ocean_menu_link_color_hover":"","ocean_menu_link_color_active":"","ocean_menu_link_background":"","ocean_menu_link_hover_background":"","ocean_menu_link_active_background":"","ocean_menu_social_links_bg":"","ocean_menu_social_hover_links_bg":"","ocean_menu_social_links_color":"","ocean_menu_social_hover_links_color":"","ocean_disable_title":"default","ocean_disable_heading":"default","ocean_post_title":"","ocean_post_subheading":"","ocean_post_title_style":"","ocean_post_title_background_color":"","ocean_post_title_background":0,"ocean_post_title_bg_image_position":"","ocean_post_title_bg_image_attachment":"","ocean_post_title_bg_image_repeat":"","ocean_post_title_bg_image_size":"","ocean_post_title_height":0,"ocean_post_title_bg_overlay":0.5,"ocean_post_title_bg_overlay_color":"","ocean_disable_breadcrumbs":"default","ocean_breadcrumbs_color":"","ocean_breadcrumbs_separator_color":"","ocean_breadcrumbs_links_color":"","ocean_breadcrumbs_links_hover_color":"","ocean_display_footer_widgets":"default","ocean_display_footer_bottom":"default","ocean_custom_footer_template":"","footnotes":""},"class_list":["post-3","page","type-page","status-publish","hentry","entry","owp-thumbs-layout-horizontal","owp-btn-normal","owp-tabs-layout-horizontal","has-no-thumbnails","has-product-nav"],"yoast_head":"<!-- This site is optimized with the Yoast SEO plugin v27.4 - https:\/\/yoast.com\/product\/yoast-seo-wordpress\/ -->\n<title>Privacy Policy | The Sanctuary Of Truth Tickets<\/title>\n<meta name=\"description\" content=\"Read Our Privacy Policy To Learn How The Sanctuary Of Truth Tickets Protects Your Data. Your Trust Matters To Us For A Safe, Secure Booking.\" \/>\n<meta name=\"robots\" content=\"noindex, follow\" \/>\n<meta property=\"og:locale\" content=\"pt_PT\" \/>\n<meta property=\"og:type\" content=\"article\" \/>\n<meta property=\"og:title\" content=\"Privacy Policy | The Sanctuary Of Truth Tickets\" \/>\n<meta property=\"og:description\" content=\"Read Our Privacy Policy To Learn How The Sanctuary Of Truth Tickets Protects Your Data. Your Trust Matters To Us For A Safe, Secure Booking.\" \/>\n<meta property=\"og:url\" content=\"https:\/\/sanctuaryoftruthtickets.com\/pt\/politica-de-privacidade\/\" \/>\n<meta property=\"og:site_name\" content=\"The Sanctuary Of Truth\" \/>\n<meta property=\"article:modified_time\" content=\"2025-01-16T00:11:43+00:00\" \/>\n<meta name=\"twitter:card\" content=\"summary_large_image\" \/>\n<meta name=\"twitter:label1\" content=\"Tempo estimado de leitura\" \/>\n\t<meta name=\"twitter:data1\" content=\"3 minutos\" \/>\n<script type=\"application\/ld+json\" class=\"yoast-schema-graph\">{\"@context\":\"https:\\\/\\\/schema.org\",\"@graph\":[{\"@type\":\"WebPage\",\"@id\":\"https:\\\/\\\/sanctuaryoftruthtickets.com\\\/privacy-policy\\\/\",\"url\":\"https:\\\/\\\/sanctuaryoftruthtickets.com\\\/privacy-policy\\\/\",\"name\":\"Privacy Policy | The Sanctuary Of Truth Tickets\",\"isPartOf\":{\"@id\":\"https:\\\/\\\/sanctuaryoftruthtickets.com\\\/#website\"},\"datePublished\":\"2024-08-27T12:39:40+00:00\",\"dateModified\":\"2025-01-16T00:11:43+00:00\",\"description\":\"Read Our Privacy Policy To Learn How The Sanctuary Of Truth Tickets Protects Your Data. Your Trust Matters To Us For A Safe, Secure Booking.\",\"breadcrumb\":{\"@id\":\"https:\\\/\\\/sanctuaryoftruthtickets.com\\\/privacy-policy\\\/#breadcrumb\"},\"inLanguage\":\"pt-PT\",\"potentialAction\":[{\"@type\":\"ReadAction\",\"target\":[\"https:\\\/\\\/sanctuaryoftruthtickets.com\\\/privacy-policy\\\/\"]}]},{\"@type\":\"BreadcrumbList\",\"@id\":\"https:\\\/\\\/sanctuaryoftruthtickets.com\\\/privacy-policy\\\/#breadcrumb\",\"itemListElement\":[{\"@type\":\"ListItem\",\"position\":1,\"name\":\"Home\",\"item\":\"https:\\\/\\\/sanctuaryoftruthtickets.com\\\/\"},{\"@type\":\"ListItem\",\"position\":2,\"name\":\"Privacy Policy\"}]},{\"@type\":\"WebSite\",\"@id\":\"https:\\\/\\\/sanctuaryoftruthtickets.com\\\/#website\",\"url\":\"https:\\\/\\\/sanctuaryoftruthtickets.com\\\/\",\"name\":\"The Sanctuary Of Truth\",\"description\":\"\",\"publisher\":{\"@id\":\"https:\\\/\\\/sanctuaryoftruthtickets.com\\\/#organization\"},\"potentialAction\":[{\"@type\":\"SearchAction\",\"target\":{\"@type\":\"EntryPoint\",\"urlTemplate\":\"https:\\\/\\\/sanctuaryoftruthtickets.com\\\/?s={search_term_string}\"},\"query-input\":{\"@type\":\"PropertyValueSpecification\",\"valueRequired\":true,\"valueName\":\"search_term_string\"}}],\"inLanguage\":\"pt-PT\"},{\"@type\":\"Organization\",\"@id\":\"https:\\\/\\\/sanctuaryoftruthtickets.com\\\/#organization\",\"name\":\"The Sanctuary Of Truth\",\"url\":\"https:\\\/\\\/sanctuaryoftruthtickets.com\\\/\",\"logo\":{\"@type\":\"ImageObject\",\"inLanguage\":\"pt-PT\",\"@id\":\"https:\\\/\\\/sanctuaryoftruthtickets.com\\\/#\\\/schema\\\/logo\\\/image\\\/\",\"url\":\"https:\\\/\\\/sanctuaryoftruthtickets.com\\\/wp-content\\\/uploads\\\/2024\\\/08\\\/Sanctuary-Of-Truth.png\",\"contentUrl\":\"https:\\\/\\\/sanctuaryoftruthtickets.com\\\/wp-content\\\/uploads\\\/2024\\\/08\\\/Sanctuary-Of-Truth.png\",\"width\":350,\"height\":100,\"caption\":\"The Sanctuary Of Truth\"},\"image\":{\"@id\":\"https:\\\/\\\/sanctuaryoftruthtickets.com\\\/#\\\/schema\\\/logo\\\/image\\\/\"}}]}<\/script>\n<!-- \/ Yoast SEO plugin. -->","yoast_head_json":{"title":"Pol\u00edtica de Privacidade | Ingressos para o Santu\u00e1rio da Verdade","description":"Leia nossa Pol\u00edtica de Privacidade para saber como o Sanctuary Of Truth Tickets protege seus dados. Sua confian\u00e7a \u00e9 importante para n\u00f3s para uma reserva segura e protegida.","robots":{"index":"noindex","follow":"follow"},"og_locale":"pt_PT","og_type":"article","og_title":"Privacy Policy | The Sanctuary Of Truth Tickets","og_description":"Read Our Privacy Policy To Learn How The Sanctuary Of Truth Tickets Protects Your Data. Your Trust Matters To Us For A Safe, Secure Booking.","og_url":"https:\/\/sanctuaryoftruthtickets.com\/pt\/politica-de-privacidade\/","og_site_name":"The Sanctuary Of Truth","article_modified_time":"2025-01-16T00:11:43+00:00","twitter_card":"summary_large_image","twitter_misc":{"Tempo estimado de leitura":"3 minutos"},"schema":{"@context":"https:\/\/schema.org","@graph":[{"@type":"WebPage","@id":"https:\/\/sanctuaryoftruthtickets.com\/privacy-policy\/","url":"https:\/\/sanctuaryoftruthtickets.com\/privacy-policy\/","name":"Pol\u00edtica de Privacidade | Ingressos para o Santu\u00e1rio da Verdade","isPartOf":{"@id":"https:\/\/sanctuaryoftruthtickets.com\/#website"},"datePublished":"2024-08-27T12:39:40+00:00","dateModified":"2025-01-16T00:11:43+00:00","description":"Leia nossa Pol\u00edtica de Privacidade para saber como o Sanctuary Of Truth Tickets protege seus dados. Sua confian\u00e7a \u00e9 importante para n\u00f3s para uma reserva segura e protegida.","breadcrumb":{"@id":"https:\/\/sanctuaryoftruthtickets.com\/privacy-policy\/#breadcrumb"},"inLanguage":"pt-PT","potentialAction":[{"@type":"ReadAction","target":["https:\/\/sanctuaryoftruthtickets.com\/privacy-policy\/"]}]},{"@type":"BreadcrumbList","@id":"https:\/\/sanctuaryoftruthtickets.com\/privacy-policy\/#breadcrumb","itemListElement":[{"@type":"ListItem","position":1,"name":"Home","item":"https:\/\/sanctuaryoftruthtickets.com\/"},{"@type":"ListItem","position":2,"name":"Privacy Policy"}]},{"@type":"WebSite","@id":"https:\/\/sanctuaryoftruthtickets.com\/#website","url":"https:\/\/sanctuaryoftruthtickets.com\/","name":"O Santu\u00e1rio da Verdade","description":"","publisher":{"@id":"https:\/\/sanctuaryoftruthtickets.com\/#organization"},"potentialAction":[{"@type":"SearchAction","target":{"@type":"EntryPoint","urlTemplate":"https:\/\/sanctuaryoftruthtickets.com\/?s={search_term_string}"},"query-input":{"@type":"PropertyValueSpecification","valueRequired":true,"valueName":"search_term_string"}}],"inLanguage":"pt-PT"},{"@type":"Organization","@id":"https:\/\/sanctuaryoftruthtickets.com\/#organization","name":"O Santu\u00e1rio da Verdade","url":"https:\/\/sanctuaryoftruthtickets.com\/","logo":{"@type":"ImageObject","inLanguage":"pt-PT","@id":"https:\/\/sanctuaryoftruthtickets.com\/#\/schema\/logo\/image\/","url":"https:\/\/sanctuaryoftruthtickets.com\/wp-content\/uploads\/2024\/08\/Sanctuary-Of-Truth.png","contentUrl":"https:\/\/sanctuaryoftruthtickets.com\/wp-content\/uploads\/2024\/08\/Sanctuary-Of-Truth.png","width":350,"height":100,"caption":"The Sanctuary Of Truth"},"image":{"@id":"https:\/\/sanctuaryoftruthtickets.com\/#\/schema\/logo\/image\/"}}]}},"jetpack_sharing_enabled":true,"_links":{"self":[{"href":"https:\/\/sanctuaryoftruthtickets.com\/pt\/wp-json\/wp\/v2\/pages\/3","targetHints":{"allow":["GET"]}}],"collection":[{"href":"https:\/\/sanctuaryoftruthtickets.com\/pt\/wp-json\/wp\/v2\/pages"}],"about":[{"href":"https:\/\/sanctuaryoftruthtickets.com\/pt\/wp-json\/wp\/v2\/types\/page"}],"author":[{"embeddable":true,"href":"https:\/\/sanctuaryoftruthtickets.com\/pt\/wp-json\/wp\/v2\/users\/1"}],"replies":[{"embeddable":true,"href":"https:\/\/sanctuaryoftruthtickets.com\/pt\/wp-json\/wp\/v2\/comments?post=3"}],"version-history":[{"count":27,"href":"https:\/\/sanctuaryoftruthtickets.com\/pt\/wp-json\/wp\/v2\/pages\/3\/revisions"}],"predecessor-version":[{"id":3373,"href":"https:\/\/sanctuaryoftruthtickets.com\/pt\/wp-json\/wp\/v2\/pages\/3\/revisions\/3373"}],"wp:attachment":[{"href":"https:\/\/sanctuaryoftruthtickets.com\/pt\/wp-json\/wp\/v2\/media?parent=3"}],"curies":[{"name":"wp","href":"https:\/\/api.w.org\/{rel}","templated":true}]}}