{"id":2373,"date":"2024-10-14T17:49:58","date_gmt":"2024-10-14T12:19:58","guid":{"rendered":"https:\/\/sanctuaryoftruthtickets.com\/?page_id=2373"},"modified":"2025-05-19T12:19:49","modified_gmt":"2025-05-19T06:49:49","slug":"lien-he-voi-chung-toi","status":"publish","type":"page","link":"https:\/\/sanctuaryoftruthtickets.com\/vi\/lien-he-voi-chung-toi\/","title":{"rendered":"Li\u00ean h\u1ec7 v\u1edbi ch\u00fang t\u00f4i"},"content":{"rendered":"<div data-elementor-type=\"wp-page\" data-elementor-id=\"2373\" class=\"elementor elementor-2373\" data-elementor-post-type=\"page\">\n\t\t\t\t\t\t<section data-particle_enable=\"false\" data-particle-mobile-disabled=\"false\" class=\"elementor-section elementor-top-section elementor-element elementor-element-f3e94ce elementor-section-boxed elementor-section-height-default elementor-section-height-default\" data-id=\"f3e94ce\" data-element_type=\"section\" data-e-type=\"section\">\n\t\t\t\t\t\t<div class=\"elementor-container elementor-column-gap-default\">\n\t\t\t\t\t<div class=\"elementor-column elementor-col-100 elementor-top-column elementor-element elementor-element-39bb9e9\" data-id=\"39bb9e9\" data-element_type=\"column\" data-e-type=\"column\">\n\t\t\t<div class=\"elementor-widget-wrap elementor-element-populated\">\n\t\t\t\t\t\t<div class=\"elementor-element elementor-element-7c4897a elementor-widget elementor-widget-text-editor\" data-id=\"7c4897a\" data-element_type=\"widget\" data-e-type=\"widget\" data-widget_type=\"text-editor.default\">\n\t\t\t\t<div class=\"elementor-widget-container\">\n\t\t\t\t\t\t\t\t\t<h2 style=\"text-align: center;\"><span style=\"color: #000000;\">Li\u00ean h\u1ec7 v\u1edbi ch\u00fang t\u00f4i<\/span><\/h2><p><span style=\"color: #000000;\">T\u1ea1i <a href=\"https:\/\/sanctuaryoftruthtickets.com\/vi\/\"><strong>V\u00e9 v\u00e0o c\u1eeda Sanctuary of Truth<\/strong><\/a>, ch\u00fang t\u00f4i cam k\u1ebft mang \u0111\u1ebfn tr\u1ea3i nghi\u1ec7m \u0111\u1eb7c bi\u1ec7t cho m\u1ecdi du kh\u00e1ch. Cho d\u00f9 b\u1ea1n c\u1ea7n h\u1ed7 tr\u1ee3 \u0111\u1eb7t v\u00e9, c\u00f3 th\u1eafc m\u1eafc v\u1ec1 chuy\u1ebfn th\u0103m s\u1eafp t\u1edbi hay c\u1ea7n tr\u1ee3 gi\u00fap v\u1ec1 b\u1ea5t k\u1ef3 kh\u00eda c\u1ea1nh n\u00e0o kh\u00e1c trong k\u1ebf ho\u1ea1ch du l\u1ecbch c\u1ee7a m\u00ecnh, nh\u00f3m c\u1ee7a ch\u00fang t\u00f4i lu\u00f4n s\u1eb5n s\u00e0ng h\u1ed7 tr\u1ee3 b\u1ea1n trong m\u1ecdi b\u01b0\u1edbc.<\/span><\/p><h3><span style=\"color: #000000;\">L\u00e0m th\u1ebf n\u00e0o \u0111\u1ec3 li\u00ean h\u1ec7 v\u1edbi ch\u00fang t\u00f4i<\/span><\/h3><p><span style=\"color: #000000;\">N\u1ebfu c\u00f3 b\u1ea5t k\u1ef3 th\u1eafc m\u1eafc ho\u1eb7c lo ng\u1ea1i n\u00e0o, \u0111\u1eebng ng\u1ea7n ng\u1ea1i li\u00ean h\u1ec7 \u0111\u1ec3 \u0111\u01b0\u1ee3c h\u1ed7 tr\u1ee3 k\u1ecbp th\u1eddi.<\/span><\/p><ul><li><span style=\"color: #000000;\"><strong>E-mail<\/strong>: <a style=\"color: #000000;\" href=\"mailto:contact@sanctuaryoftruthtickets.com\" rel=\"noopener\">contact@sanctuaryoftruthtickets.com<\/a><\/span><\/li><li><span style=\"color: #000000;\"><strong>Tr\u00f2 chuy\u1ec7n tr\u1ef1c ti\u1ebfp<\/strong>: Nh\u1eadn h\u1ed7 tr\u1ee3 ngay l\u1eadp t\u1ee9c th\u00f4ng qua <a href=\"https:\/\/direct.lc.chat\/18378282\/\"><strong>Tr\u00f2 chuy\u1ec7n tr\u1ef1c ti\u1ebfp<\/strong><\/a> tr\u00ean trang web c\u1ee7a ch\u00fang t\u00f4i \u0111\u1ec3 gi\u1ea3i \u0111\u00e1p m\u1ecdi th\u1eafc m\u1eafc ngay l\u1eadp t\u1ee9c.<\/span><\/li><\/ul><h3><span style=\"color: #000000;\">Gi\u1edd h\u1ed7 tr\u1ee3 kh\u00e1ch h\u00e0ng<\/span><\/h3><p><span style=\"color: #000000;\">\u0110\u1ed9i ng\u0169 h\u1ed7 tr\u1ee3 kh\u00e1ch h\u00e0ng c\u1ee7a ch\u00fang t\u00f4i lu\u00f4n s\u1eb5n s\u00e0ng h\u1ed7 tr\u1ee3 v\u00e0 \u0111\u1ea3m b\u1ea3o chuy\u1ebfn th\u0103m c\u1ee7a b\u1ea1n di\u1ec5n ra su\u00f4n s\u1ebb v\u00e0 \u0111\u00e1ng nh\u1edb.<\/span><\/p><p><span style=\"color: #000000;\">\ud83d\udd52 <strong>H\u1ed7 tr\u1ee3 kh\u1ea3 d\u1ee5ng<\/strong>: 24\/7, m\u1ed7i ng\u00e0y.<\/span><\/p><h3><span style=\"color: #000000;\">T\u1ea1i sao li\u00ean h\u1ec7 <strong>Th\u00e1nh \u0111\u1ecba c\u1ee7a s\u1ef1 th\u1eadt<\/strong>?<\/span><\/h3><p><span style=\"color: #000000;\">T\u1ea1i <strong>Th\u00e1nh \u0111\u1ecba c\u1ee7a s\u1ef1 th\u1eadt<\/strong>, ch\u00fang t\u00f4i n\u1ed7 l\u1ef1c cung c\u1ea5p d\u1ecbch v\u1ee5 kh\u00e1ch h\u00e0ng v\u01b0\u1ee3t tr\u1ed9i, \u0111\u1ea3m b\u1ea3o tr\u1ea3i nghi\u1ec7m \u0111\u1eb7t v\u00e9 v\u00e0 tham quan c\u1ee7a b\u1ea1n kh\u00f4ng g\u1eb7p r\u1eafc r\u1ed1i. T\u1eeb h\u1ed7 tr\u1ee3 v\u00e9 v\u00e0 y\u00eau c\u1ea7u thanh to\u00e1n \u0111\u1ebfn c\u00e1c c\u00e2u h\u1ecfi chung v\u1ec1 ng\u00f4i \u0111\u1ec1n v\u00e0 c\u00e1c ho\u1ea1t \u0111\u1ed9ng, ch\u00fang t\u00f4i \u1edf \u0111\u00e2y \u0111\u1ec3 bi\u1ebfn h\u00e0nh tr\u00ecnh c\u1ee7a b\u1ea1n qua m\u1ed9t trong nh\u1eefng \u0111\u1ecba danh mang t\u00ednh bi\u1ec3u t\u01b0\u1ee3ng nh\u1ea5t c\u1ee7a Th\u00e1i Lan tr\u1edf n\u00ean th\u1ef1c s\u1ef1 kh\u00f3 qu\u00ean.<\/span><\/p><p><span style=\"color: #000000;\">Ch\u00fang t\u00f4i mong mu\u1ed1n gi\u00fap b\u1ea1n t\u1eadn d\u1ee5ng t\u1ed1i \u0111a chuy\u1ebfn th\u0103m c\u1ee7a b\u1ea1n \u0111\u1ebfn <strong>C\u00e1c <a href=\"https:\/\/sanctuaryoftruthtickets.com\/vi\/\">Th\u00e1nh \u0111\u1ecba c\u1ee7a s\u1ef1 th\u1eadt<\/a><\/strong>!<\/span><\/p>\t\t\t\t\t\t\t\t<\/div>\n\t\t\t\t<\/div>\n\t\t\t\t\t<\/div>\n\t\t<\/div>\n\t\t\t\t\t<\/div>\n\t\t<\/section>\n\t\t\t\t<\/div>","protected":false},"excerpt":{"rendered":"<p>Contact Us At The Sanctuary of Truth Tickets, we are committed to providing an exceptional experience for every visitor. Whether you need assistance with ticket bookings, have questions about your upcoming visit, or require help with any other aspect of your travel plans, our team is here to support you every step of the way. [&hellip;]<\/p>\n","protected":false},"author":1,"featured_media":0,"parent":0,"menu_order":0,"comment_status":"closed","ping_status":"closed","template":"","meta":{"ocean_post_layout":"","ocean_both_sidebars_style":"","ocean_both_sidebars_content_width":0,"ocean_both_sidebars_sidebars_width":0,"ocean_sidebar":"","ocean_second_sidebar":"","ocean_disable_margins":"enable","ocean_add_body_class":"","ocean_shortcode_before_top_bar":"","ocean_shortcode_after_top_bar":"","ocean_shortcode_before_header":"","ocean_shortcode_after_header":"","ocean_has_shortcode":"","ocean_shortcode_after_title":"","ocean_shortcode_before_footer_widgets":"","ocean_shortcode_after_footer_widgets":"","ocean_shortcode_before_footer_bottom":"","ocean_shortcode_after_footer_bottom":"","ocean_display_top_bar":"default","ocean_display_header":"default","ocean_header_style":"","ocean_center_header_left_menu":"","ocean_custom_header_template":"","ocean_custom_logo":0,"ocean_custom_retina_logo":0,"ocean_custom_logo_max_width":0,"ocean_custom_logo_tablet_max_width":0,"ocean_custom_logo_mobile_max_width":0,"ocean_custom_logo_max_height":0,"ocean_custom_logo_tablet_max_height":0,"ocean_custom_logo_mobile_max_height":0,"ocean_header_custom_menu":"","ocean_menu_typo_font_family":"","ocean_menu_typo_font_subset":"","ocean_menu_typo_font_size":0,"ocean_menu_typo_font_size_tablet":0,"ocean_menu_typo_font_size_mobile":0,"ocean_menu_typo_font_size_unit":"px","ocean_menu_typo_font_weight":"","ocean_menu_typo_font_weight_tablet":"","ocean_menu_typo_font_weight_mobile":"","ocean_menu_typo_transform":"","ocean_menu_typo_transform_tablet":"","ocean_menu_typo_transform_mobile":"","ocean_menu_typo_line_height":0,"ocean_menu_typo_line_height_tablet":0,"ocean_menu_typo_line_height_mobile":0,"ocean_menu_typo_line_height_unit":"","ocean_menu_typo_spacing":0,"ocean_menu_typo_spacing_tablet":0,"ocean_menu_typo_spacing_mobile":0,"ocean_menu_typo_spacing_unit":"","ocean_menu_link_color":"","ocean_menu_link_color_hover":"","ocean_menu_link_color_active":"","ocean_menu_link_background":"","ocean_menu_link_hover_background":"","ocean_menu_link_active_background":"","ocean_menu_social_links_bg":"","ocean_menu_social_hover_links_bg":"","ocean_menu_social_links_color":"","ocean_menu_social_hover_links_color":"","ocean_disable_title":"default","ocean_disable_heading":"default","ocean_post_title":"","ocean_post_subheading":"","ocean_post_title_style":"","ocean_post_title_background_color":"","ocean_post_title_background":0,"ocean_post_title_bg_image_position":"","ocean_post_title_bg_image_attachment":"","ocean_post_title_bg_image_repeat":"","ocean_post_title_bg_image_size":"","ocean_post_title_height":0,"ocean_post_title_bg_overlay":0.5,"ocean_post_title_bg_overlay_color":"","ocean_disable_breadcrumbs":"default","ocean_breadcrumbs_color":"","ocean_breadcrumbs_separator_color":"","ocean_breadcrumbs_links_color":"","ocean_breadcrumbs_links_hover_color":"","ocean_display_footer_widgets":"default","ocean_display_footer_bottom":"default","ocean_custom_footer_template":"","footnotes":""},"class_list":["post-2373","page","type-page","status-publish","hentry","entry","owp-thumbs-layout-horizontal","owp-btn-normal","owp-tabs-layout-horizontal","has-no-thumbnails","has-product-nav"],"yoast_head":"<!-- This site is optimized with the Yoast SEO plugin v27.4 - https:\/\/yoast.com\/product\/yoast-seo-wordpress\/ -->\n<title>Contact Us | The Sanctuary Of Truth Tickets - Reach Triplyn Team<\/title>\n<meta name=\"description\" content=\"Connect With The Sanctuary Of Truth For Ticket Booking Assistance And Inquiries. Reach Out Today For A Smooth And Enjoyable Experience!\" \/>\n<meta name=\"robots\" content=\"noindex, follow\" \/>\n<meta property=\"og:locale\" content=\"vi_VN\" \/>\n<meta property=\"og:type\" content=\"article\" \/>\n<meta property=\"og:title\" content=\"Contact Us | The Sanctuary Of Truth Tickets - Reach Triplyn Team\" \/>\n<meta property=\"og:description\" content=\"Connect With The Sanctuary Of Truth For Ticket Booking Assistance And Inquiries. Reach Out Today For A Smooth And Enjoyable Experience!\" \/>\n<meta property=\"og:url\" content=\"https:\/\/sanctuaryoftruthtickets.com\/vi\/lien-he-voi-chung-toi\/\" \/>\n<meta property=\"og:site_name\" content=\"The Sanctuary Of Truth\" \/>\n<meta property=\"article:modified_time\" content=\"2025-05-19T06:49:49+00:00\" \/>\n<meta name=\"twitter:card\" content=\"summary_large_image\" \/>\n<meta name=\"twitter:label1\" content=\"\u01af\u1edbc t\u00ednh th\u1eddi gian \u0111\u1ecdc\" \/>\n\t<meta name=\"twitter:data1\" content=\"2 ph\u00fat\" \/>\n<script type=\"application\/ld+json\" class=\"yoast-schema-graph\">{\"@context\":\"https:\\\/\\\/schema.org\",\"@graph\":[{\"@type\":\"WebPage\",\"@id\":\"https:\\\/\\\/sanctuaryoftruthtickets.com\\\/contact-us\\\/\",\"url\":\"https:\\\/\\\/sanctuaryoftruthtickets.com\\\/contact-us\\\/\",\"name\":\"Contact Us | The Sanctuary Of Truth Tickets - Reach Triplyn Team\",\"isPartOf\":{\"@id\":\"https:\\\/\\\/sanctuaryoftruthtickets.com\\\/#website\"},\"datePublished\":\"2024-10-14T12:19:58+00:00\",\"dateModified\":\"2025-05-19T06:49:49+00:00\",\"description\":\"Connect With The Sanctuary Of Truth For Ticket Booking Assistance And Inquiries. Reach Out Today For A Smooth And Enjoyable Experience!\",\"breadcrumb\":{\"@id\":\"https:\\\/\\\/sanctuaryoftruthtickets.com\\\/contact-us\\\/#breadcrumb\"},\"inLanguage\":\"vi\",\"potentialAction\":[{\"@type\":\"ReadAction\",\"target\":[\"https:\\\/\\\/sanctuaryoftruthtickets.com\\\/contact-us\\\/\"]}]},{\"@type\":\"BreadcrumbList\",\"@id\":\"https:\\\/\\\/sanctuaryoftruthtickets.com\\\/contact-us\\\/#breadcrumb\",\"itemListElement\":[{\"@type\":\"ListItem\",\"position\":1,\"name\":\"Home\",\"item\":\"https:\\\/\\\/sanctuaryoftruthtickets.com\\\/\"},{\"@type\":\"ListItem\",\"position\":2,\"name\":\"Contact Us\"}]},{\"@type\":\"WebSite\",\"@id\":\"https:\\\/\\\/sanctuaryoftruthtickets.com\\\/#website\",\"url\":\"https:\\\/\\\/sanctuaryoftruthtickets.com\\\/\",\"name\":\"The Sanctuary Of Truth\",\"description\":\"\",\"publisher\":{\"@id\":\"https:\\\/\\\/sanctuaryoftruthtickets.com\\\/#organization\"},\"potentialAction\":[{\"@type\":\"SearchAction\",\"target\":{\"@type\":\"EntryPoint\",\"urlTemplate\":\"https:\\\/\\\/sanctuaryoftruthtickets.com\\\/?s={search_term_string}\"},\"query-input\":{\"@type\":\"PropertyValueSpecification\",\"valueRequired\":true,\"valueName\":\"search_term_string\"}}],\"inLanguage\":\"vi\"},{\"@type\":\"Organization\",\"@id\":\"https:\\\/\\\/sanctuaryoftruthtickets.com\\\/#organization\",\"name\":\"The Sanctuary Of Truth\",\"url\":\"https:\\\/\\\/sanctuaryoftruthtickets.com\\\/\",\"logo\":{\"@type\":\"ImageObject\",\"inLanguage\":\"vi\",\"@id\":\"https:\\\/\\\/sanctuaryoftruthtickets.com\\\/#\\\/schema\\\/logo\\\/image\\\/\",\"url\":\"https:\\\/\\\/sanctuaryoftruthtickets.com\\\/wp-content\\\/uploads\\\/2024\\\/08\\\/Sanctuary-Of-Truth.png\",\"contentUrl\":\"https:\\\/\\\/sanctuaryoftruthtickets.com\\\/wp-content\\\/uploads\\\/2024\\\/08\\\/Sanctuary-Of-Truth.png\",\"width\":350,\"height\":100,\"caption\":\"The Sanctuary Of Truth\"},\"image\":{\"@id\":\"https:\\\/\\\/sanctuaryoftruthtickets.com\\\/#\\\/schema\\\/logo\\\/image\\\/\"}}]}<\/script>\n<!-- \/ Yoast SEO plugin. -->","yoast_head_json":{"title":"Li\u00ean h\u1ec7 v\u1edbi ch\u00fang t\u00f4i | V\u00e9 Sanctuary Of Truth - Reach Triplyn Team","description":"K\u1ebft n\u1ed1i v\u1edbi Sanctuary Of Truth \u0111\u1ec3 \u0111\u01b0\u1ee3c h\u1ed7 tr\u1ee3 v\u00e0 gi\u1ea3i \u0111\u00e1p th\u1eafc m\u1eafc v\u1ec1 \u0111\u1eb7t v\u00e9. H\u00e3y li\u00ean h\u1ec7 ngay h\u00f4m nay \u0111\u1ec3 c\u00f3 tr\u1ea3i nghi\u1ec7m su\u00f4n s\u1ebb v\u00e0 th\u00fa v\u1ecb!","robots":{"index":"noindex","follow":"follow"},"og_locale":"vi_VN","og_type":"article","og_title":"Contact Us | The Sanctuary Of Truth Tickets - Reach Triplyn Team","og_description":"Connect With The Sanctuary Of Truth For Ticket Booking Assistance And Inquiries. Reach Out Today For A Smooth And Enjoyable Experience!","og_url":"https:\/\/sanctuaryoftruthtickets.com\/vi\/lien-he-voi-chung-toi\/","og_site_name":"The Sanctuary Of Truth","article_modified_time":"2025-05-19T06:49:49+00:00","twitter_card":"summary_large_image","twitter_misc":{"\u01af\u1edbc t\u00ednh th\u1eddi gian \u0111\u1ecdc":"2 ph\u00fat"},"schema":{"@context":"https:\/\/schema.org","@graph":[{"@type":"WebPage","@id":"https:\/\/sanctuaryoftruthtickets.com\/contact-us\/","url":"https:\/\/sanctuaryoftruthtickets.com\/contact-us\/","name":"Li\u00ean h\u1ec7 v\u1edbi ch\u00fang t\u00f4i | V\u00e9 Sanctuary Of Truth - Reach Triplyn Team","isPartOf":{"@id":"https:\/\/sanctuaryoftruthtickets.com\/#website"},"datePublished":"2024-10-14T12:19:58+00:00","dateModified":"2025-05-19T06:49:49+00:00","description":"K\u1ebft n\u1ed1i v\u1edbi Sanctuary Of Truth \u0111\u1ec3 \u0111\u01b0\u1ee3c h\u1ed7 tr\u1ee3 v\u00e0 gi\u1ea3i \u0111\u00e1p th\u1eafc m\u1eafc v\u1ec1 \u0111\u1eb7t v\u00e9. H\u00e3y li\u00ean h\u1ec7 ngay h\u00f4m nay \u0111\u1ec3 c\u00f3 tr\u1ea3i nghi\u1ec7m su\u00f4n s\u1ebb v\u00e0 th\u00fa v\u1ecb!","breadcrumb":{"@id":"https:\/\/sanctuaryoftruthtickets.com\/contact-us\/#breadcrumb"},"inLanguage":"vi","potentialAction":[{"@type":"ReadAction","target":["https:\/\/sanctuaryoftruthtickets.com\/contact-us\/"]}]},{"@type":"BreadcrumbList","@id":"https:\/\/sanctuaryoftruthtickets.com\/contact-us\/#breadcrumb","itemListElement":[{"@type":"ListItem","position":1,"name":"Home","item":"https:\/\/sanctuaryoftruthtickets.com\/"},{"@type":"ListItem","position":2,"name":"Contact Us"}]},{"@type":"WebSite","@id":"https:\/\/sanctuaryoftruthtickets.com\/#website","url":"https:\/\/sanctuaryoftruthtickets.com\/","name":"N\u01a1i \u1ea9n n\u00e1u c\u1ee7a s\u1ef1 th\u1eadt","description":"","publisher":{"@id":"https:\/\/sanctuaryoftruthtickets.com\/#organization"},"potentialAction":[{"@type":"SearchAction","target":{"@type":"EntryPoint","urlTemplate":"https:\/\/sanctuaryoftruthtickets.com\/?s={search_term_string}"},"query-input":{"@type":"PropertyValueSpecification","valueRequired":true,"valueName":"search_term_string"}}],"inLanguage":"vi"},{"@type":"Organization","@id":"https:\/\/sanctuaryoftruthtickets.com\/#organization","name":"N\u01a1i \u1ea9n n\u00e1u c\u1ee7a s\u1ef1 th\u1eadt","url":"https:\/\/sanctuaryoftruthtickets.com\/","logo":{"@type":"ImageObject","inLanguage":"vi","@id":"https:\/\/sanctuaryoftruthtickets.com\/#\/schema\/logo\/image\/","url":"https:\/\/sanctuaryoftruthtickets.com\/wp-content\/uploads\/2024\/08\/Sanctuary-Of-Truth.png","contentUrl":"https:\/\/sanctuaryoftruthtickets.com\/wp-content\/uploads\/2024\/08\/Sanctuary-Of-Truth.png","width":350,"height":100,"caption":"The Sanctuary Of Truth"},"image":{"@id":"https:\/\/sanctuaryoftruthtickets.com\/#\/schema\/logo\/image\/"}}]}},"jetpack_sharing_enabled":true,"_links":{"self":[{"href":"https:\/\/sanctuaryoftruthtickets.com\/vi\/wp-json\/wp\/v2\/pages\/2373","targetHints":{"allow":["GET"]}}],"collection":[{"href":"https:\/\/sanctuaryoftruthtickets.com\/vi\/wp-json\/wp\/v2\/pages"}],"about":[{"href":"https:\/\/sanctuaryoftruthtickets.com\/vi\/wp-json\/wp\/v2\/types\/page"}],"author":[{"embeddable":true,"href":"https:\/\/sanctuaryoftruthtickets.com\/vi\/wp-json\/wp\/v2\/users\/1"}],"replies":[{"embeddable":true,"href":"https:\/\/sanctuaryoftruthtickets.com\/vi\/wp-json\/wp\/v2\/comments?post=2373"}],"version-history":[{"count":35,"href":"https:\/\/sanctuaryoftruthtickets.com\/vi\/wp-json\/wp\/v2\/pages\/2373\/revisions"}],"predecessor-version":[{"id":3530,"href":"https:\/\/sanctuaryoftruthtickets.com\/vi\/wp-json\/wp\/v2\/pages\/2373\/revisions\/3530"}],"wp:attachment":[{"href":"https:\/\/sanctuaryoftruthtickets.com\/vi\/wp-json\/wp\/v2\/media?parent=2373"}],"curies":[{"name":"wp","href":"https:\/\/api.w.org\/{rel}","templated":true}]}}