{"id":617,"date":"2024-09-04T16:21:40","date_gmt":"2024-09-04T10:51:40","guid":{"rendered":"https:\/\/sanctuaryoftruthtickets.com\/?page_id=617"},"modified":"2025-01-16T05:40:54","modified_gmt":"2025-01-16T00:10:54","slug":"chi-tiet-cong-ty","status":"publish","type":"page","link":"https:\/\/sanctuaryoftruthtickets.com\/vi\/chi-tiet-cong-ty\/","title":{"rendered":"Chi ti\u1ebft c\u00f4ng ty"},"content":{"rendered":"<div data-elementor-type=\"wp-page\" data-elementor-id=\"617\" class=\"elementor elementor-617\" data-elementor-post-type=\"page\">\n\t\t\t\t\t\t<section data-particle_enable=\"false\" data-particle-mobile-disabled=\"false\" class=\"elementor-section elementor-top-section elementor-element elementor-element-f3e94ce elementor-section-boxed elementor-section-height-default elementor-section-height-default\" data-id=\"f3e94ce\" data-element_type=\"section\" data-e-type=\"section\">\n\t\t\t\t\t\t<div class=\"elementor-container elementor-column-gap-default\">\n\t\t\t\t\t<div class=\"elementor-column elementor-col-100 elementor-top-column elementor-element elementor-element-39bb9e9\" data-id=\"39bb9e9\" data-element_type=\"column\" data-e-type=\"column\">\n\t\t\t<div class=\"elementor-widget-wrap elementor-element-populated\">\n\t\t\t\t\t\t<div class=\"elementor-element elementor-element-7c4897a elementor-widget elementor-widget-text-editor\" data-id=\"7c4897a\" data-element_type=\"widget\" data-e-type=\"widget\" data-widget_type=\"text-editor.default\">\n\t\t\t\t<div class=\"elementor-widget-container\">\n\t\t\t\t\t\t\t\t\t<h2><span style=\"color: #000000;\">Chi ti\u1ebft c\u00f4ng ty<\/span><\/h2><p><span style=\"color: #000000;\">Ch\u00e0o m\u1eebng \u0111\u1ebfn v\u1edbi <a href=\"https:\/\/sanctuaryoftruthtickets.com\/vi\"><strong>V\u00e9 v\u00e0o c\u1eeda Sanctuary of Truth<\/strong><\/a>, n\u1ec1n t\u1ea3ng tuy\u1ec7t v\u1eddi nh\u1ea5t c\u1ee7a b\u1ea1n \u0111\u1ec3 \u0111\u1eb7t v\u00e9 \u0111\u1ebfn m\u1ed9t trong nh\u1eefng \u0111\u1ecba danh v\u0103n h\u00f3a \u0111\u00e1ng kinh ng\u1ea1c nh\u1ea5t c\u1ee7a Th\u00e1i Lan. \u0110\u01b0\u1ee3c qu\u1ea3n l\u00fd b\u1edfi <strong>K\u1ef3 ngh\u1ec9 Triplyn<\/strong>, ch\u00fang t\u00f4i \u0111\u1ea3m b\u1ea3o quy tr\u00ecnh \u0111\u1eb7t ph\u00f2ng su\u00f4n s\u1ebb, \u0111\u00e1ng tin c\u1eady v\u1edbi c\u00e1c \u01b0u \u0111\u00e3i \u0111\u1ed9c quy\u1ec1n v\u00e0 d\u1ecbch v\u1ee5 kh\u00e1ch h\u00e0ng v\u00f4 song. M\u1ee5c ti\u00eau c\u1ee7a ch\u00fang t\u00f4i l\u00e0 mang \u0111\u1ebfn cho b\u1ea1n tr\u1ea3i nghi\u1ec7m \u0111\u00e1ng nh\u1edb v\u00e0 b\u1ed5 \u00edch, cho d\u00f9 b\u1ea1n \u0111ang kh\u00e1m ph\u00e1 nh\u1eefng t\u00e1c ph\u1ea9m ch\u1ea1m kh\u1eafc g\u1ed7 tinh x\u1ea3o c\u1ee7a ng\u00f4i \u0111\u1ec1n hay \u0111\u1eafm m\u00ecnh v\u00e0o l\u1ecbch s\u1eed v\u00e0 t\u00e2m linh phong ph\u00fa c\u1ee7a n\u01a1i n\u00e0y.<\/span><\/p><hr \/><h2><span style=\"color: #000000;\">Gi\u1edbi thi\u1ec7u v\u1ec1 ch\u00fang t\u00f4i<\/span><\/h2><p><span style=\"color: #000000;\"><strong>K\u1ef3 ngh\u1ec9 Triplyn<\/strong> l\u00e0 m\u1ed9t nh\u00e0 l\u00e3nh \u0111\u1ea1o \u0111\u00e1ng tin c\u1eady trong ng\u00e0nh du l\u1ecbch, cung c\u1ea5p c\u00e1c gi\u1ea3i ph\u00e1p du l\u1ecbch \u0111\u1eb3ng c\u1ea5p th\u1ebf gi\u1edbi tr\u00ean to\u00e0n c\u1ea7u. Chuy\u00ean \u0111\u1eb7t v\u00e9 cho c\u00e1c \u0111i\u1ec3m tham quan ch\u00ednh c\u1ee7a Th\u00e1i Lan nh\u01b0 <strong>C\u00e1c <a href=\"https:\/\/sanctuaryoftruthtickets.com\/vi\">Th\u00e1nh \u0111\u1ecba c\u1ee7a s\u1ef1 th\u1eadt<\/a><\/strong>, ch\u00fang t\u00f4i cung c\u1ea5p tr\u1ea3i nghi\u1ec7m li\u1ec1n m\u1ea1ch k\u1ebft h\u1ee3p s\u1ef1 ti\u1ec7n l\u1ee3i v\u1edbi gi\u00e1 tr\u1ecb \u0111\u1eb7c bi\u1ec7t. S\u1ee9 m\u1ec7nh c\u1ee7a ch\u00fang t\u00f4i l\u00e0 bi\u1ebfn chuy\u1ebfn th\u0103m c\u1ee7a b\u1ea1n \u0111\u1ebfn k\u1ef3 quan ki\u1ebfn tr\u00fac n\u00e0y th\u1ef1c s\u1ef1 kh\u00f3 qu\u00ean, cho ph\u00e9p b\u1ea1n kh\u00e1m ph\u00e1 tr\u00e1i tim v\u0103n h\u00f3a v\u00e0 t\u00e2m linh c\u1ee7a Pattaya, Th\u00e1i Lan.<\/span><\/p><hr \/><h2><span style=\"color: #000000;\">Th\u00f4ng tin c\u00f4ng ty<\/span><\/h2><ul><li><span style=\"color: #000000;\"><strong>T\u00ean c\u00f4ng ty<\/strong>: K\u1ef3 ngh\u1ec9 Triplyn<\/span><\/li><li><span style=\"color: #000000;\"><strong>Trang web<\/strong>: <a style=\"color: #000000;\" href=\"https:\/\/sanctuaryoftruthtickets.com\/vi\/\" target=\"_new\" rel=\"noopener\">V\u00e9 v\u00e0o c\u1eeda Sanctuary of Truth<\/a><\/span><\/li><li><span style=\"color: #000000;\"><strong>\u0110\u1ecba ch\u1ec9 \u0111\u00e3 \u0111\u0103ng k\u00fd<\/strong>: A-54, Khu c\u00f4ng nghi\u1ec7p Keshopur, Vikaspuri, New Delhi 110018, \u1ea4n \u0110\u1ed9<\/span><\/li><li><span style=\"color: #000000;\"><strong>E-mail<\/strong>: <a style=\"color: #000000;\" href=\"mailto:contact@sanctuaryoftruthtickets.com\" rel=\"noopener\">contact@sanctuaryoftruthtickets.com<\/a><\/span><\/li><\/ul><p><span style=\"color: #000000;\">S\u1ef1 t\u1eadp trung c\u1ee7a ch\u00fang t\u00f4i v\u00e0o t\u00ednh minh b\u1ea1ch v\u00e0 s\u1ef1 h\u00e0i l\u00f2ng c\u1ee7a kh\u00e1ch h\u00e0ng gi\u00fap ch\u00fang t\u00f4i mang \u0111\u1ebfn nh\u1eefng kho\u1ea3nh kh\u1eafc kh\u00f3 qu\u00ean cho m\u1ecdi kh\u00e1ch h\u00e0ng gh\u00e9 th\u0103m <strong>Th\u00e1nh \u0111\u1ecba c\u1ee7a s\u1ef1 th\u1eadt<\/strong>.<\/span><\/p><hr \/><h2><span style=\"color: #000000;\">Li\u00ean h\u1ec7 v\u1edbi ch\u00fang t\u00f4i<\/span><\/h2><p><span style=\"color: #000000;\">\u0110\u1ed1i v\u1edbi b\u1ea5t k\u1ef3 y\u00eau c\u1ea7u ho\u1eb7c h\u1ed7 tr\u1ee3 li\u00ean quan \u0111\u1ebfn chuy\u1ebfn th\u0103m c\u1ee7a b\u1ea1n \u0111\u1ebfn <strong>Th\u00e1nh \u0111\u1ecba c\u1ee7a s\u1ef1 th\u1eadt<\/strong>, vui l\u00f2ng li\u00ean h\u1ec7 v\u1edbi ch\u00fang t\u00f4i:<\/span><\/p><ul><li><span style=\"color: #000000;\"><strong>E-mail<\/strong>: <a style=\"color: #000000;\" href=\"mailto:contact@sanctuaryoftruthtickets.com\" rel=\"noopener\">contact@sanctuaryoftruthtickets.com<\/a><\/span><\/li><\/ul><p><span style=\"color: #000000;\">\u0110\u1ed9i ng\u0169 h\u1ed7 tr\u1ee3 kh\u00e1ch h\u00e0ng t\u1eadn t\u00e2m c\u1ee7a ch\u00fang t\u00f4i lu\u00f4n s\u1eb5n s\u00e0ng \u0111\u1ea3m b\u1ea3o b\u1ea1n c\u00f3 chuy\u1ebfn th\u0103m th\u00fa v\u1ecb v\u00e0 su\u00f4n s\u1ebb.<\/span><\/p><hr \/><h2><span style=\"color: #000000;\">T\u1ea1i sao ch\u1ecdn <strong>V\u00e9 v\u00e0o c\u1eeda Sanctuary of Truth<\/strong>?<\/span><\/h2><ul><li><span style=\"color: #000000;\"><strong>H\u01b0\u1edbng d\u1eabn c\u1ee7a chuy\u00ean gia<\/strong>:V\u1edbi nhi\u1ec1u n\u0103m kinh nghi\u1ec7m, <strong>K\u1ef3 ngh\u1ec9 Triplyn<\/strong> cung c\u1ea5p d\u1ecbch v\u1ee5 \u0111\u1eb7c bi\u1ec7t v\u00e0 hi\u1ec3u bi\u1ebft s\u00e2u s\u1eafc v\u1ec1 <strong>Th\u00e1nh \u0111\u1ecba c\u1ee7a s\u1ef1 th\u1eadt<\/strong>.<\/span><\/li><li><span style=\"color: #000000;\"><strong>H\u1ed7 tr\u1ee3 kh\u00e1ch h\u00e0ng<\/strong>:\u0110\u1ed9i ng\u0169 th\u00e2n thi\u1ec7n c\u1ee7a ch\u00fang t\u00f4i s\u1ebd h\u1ed7 tr\u1ee3 t\u1eadn t\u00ecnh \u0111\u1ec3 b\u1ea1n c\u00f3 tr\u1ea3i nghi\u1ec7m mua v\u00e9 d\u1ec5 d\u00e0ng.<\/span><\/li><li><span style=\"color: #000000;\"><strong>\u01afu \u0111\u00e3i \u0111\u1ed9c quy\u1ec1n<\/strong>: T\u1eadn h\u01b0\u1edfng m\u1ee9c gi\u00e1 c\u1ea1nh tranh v\u00e0 ch\u01b0\u01a1ng tr\u00ecnh khuy\u1ebfn m\u00e3i \u0111\u1eb7c bi\u1ec7t cho v\u00e9 v\u00e0 c\u00e1c ho\u1ea1t \u0111\u1ed9ng \u0111\u1ed9c quy\u1ec1n t\u1ea1i ch\u00f9a.<\/span><\/li><\/ul><hr \/><h2><span style=\"color: #000000;\">\u0110\u1eb7t v\u00e9 ngay h\u00f4m nay!<\/span><\/h2><p><span style=\"color: #000000;\">Tr\u1ea3i nghi\u1ec7m s\u1ef1 h\u00f9ng v\u0129 c\u1ee7a <strong>Th\u00e1nh \u0111\u1ecba c\u1ee7a s\u1ef1 th\u1eadt<\/strong> m\u1ed9t c\u00e1ch d\u1ec5 d\u00e0ng. Gh\u00e9 th\u0103m ch\u00fang t\u00f4i <strong><a style=\"color: #000000;\" href=\"https:\/\/sanctuaryoftruthtickets.com\/vi\/\" target=\"_new\" rel=\"noopener\">Trang V\u00e9 Sanctuary of Truth<\/a><\/strong> \u0111\u1ec3 t\u00ecm \u01b0u \u0111\u00e3i t\u1ed1t nh\u1ea5t v\u00e0 \u0111\u1eb7t ph\u00f2ng ngay h\u00f4m nay. Kh\u00e1m ph\u00e1 ki\u1ebfn tr\u00fac g\u1ed7 tuy\u1ec7t \u0111\u1eb9p, t\u00ecm hi\u1ec3u v\u1ec1 di s\u1ea3n v\u0103n h\u00f3a c\u1ee7a Th\u00e1i Lan v\u00e0 t\u1ea1o n\u00ean nh\u1eefng k\u1ef7 ni\u1ec7m \u0111\u00e1ng nh\u1edb trong chuy\u1ebfn th\u0103m c\u1ee7a b\u1ea1n.<\/span><\/p><p><span style=\"color: #000000;\"><strong><a href=\"https:\/\/sanctuaryoftruthtickets.com\/vi\">Nh\u1ea5p v\u00e0o \u0111\u00e2y \u0111\u1ec3 \u0111\u1ea3m b\u1ea3o v\u00e9 c\u1ee7a b\u1ea1n<\/a> v\u00e0 b\u1eaft \u0111\u1ea7u h\u00e0nh tr\u00ecnh kh\u00e1m ph\u00e1 m\u1ed9t trong nh\u1eefng \u0111\u1ecba danh t\u00e2m linh mang t\u00ednh bi\u1ec3u t\u01b0\u1ee3ng nh\u1ea5t c\u1ee7a Th\u00e1i Lan!<\/strong><\/span><\/p>\t\t\t\t\t\t\t\t<\/div>\n\t\t\t\t<\/div>\n\t\t\t\t\t<\/div>\n\t\t<\/div>\n\t\t\t\t\t<\/div>\n\t\t<\/section>\n\t\t\t\t<\/div>","protected":false},"excerpt":{"rendered":"<p>Company Details Welcome to The Sanctuary of Truth Tickets, your ultimate platform for booking tickets to one of Thailand\u2019s most awe-inspiring cultural landmarks. Managed by Triplyn Holidays, we ensure a smooth, reliable booking process with exclusive offers and unmatched customer service. Our goal is to provide you with a memorable and enriching experience, whether you&#8217;re [&hellip;]<\/p>\n","protected":false},"author":1,"featured_media":0,"parent":0,"menu_order":0,"comment_status":"closed","ping_status":"closed","template":"","meta":{"ocean_post_layout":"","ocean_both_sidebars_style":"","ocean_both_sidebars_content_width":0,"ocean_both_sidebars_sidebars_width":0,"ocean_sidebar":"","ocean_second_sidebar":"","ocean_disable_margins":"enable","ocean_add_body_class":"","ocean_shortcode_before_top_bar":"","ocean_shortcode_after_top_bar":"","ocean_shortcode_before_header":"","ocean_shortcode_after_header":"","ocean_has_shortcode":"","ocean_shortcode_after_title":"","ocean_shortcode_before_footer_widgets":"","ocean_shortcode_after_footer_widgets":"","ocean_shortcode_before_footer_bottom":"","ocean_shortcode_after_footer_bottom":"","ocean_display_top_bar":"default","ocean_display_header":"default","ocean_header_style":"","ocean_center_header_left_menu":"","ocean_custom_header_template":"","ocean_custom_logo":0,"ocean_custom_retina_logo":0,"ocean_custom_logo_max_width":0,"ocean_custom_logo_tablet_max_width":0,"ocean_custom_logo_mobile_max_width":0,"ocean_custom_logo_max_height":0,"ocean_custom_logo_tablet_max_height":0,"ocean_custom_logo_mobile_max_height":0,"ocean_header_custom_menu":"","ocean_menu_typo_font_family":"","ocean_menu_typo_font_subset":"","ocean_menu_typo_font_size":0,"ocean_menu_typo_font_size_tablet":0,"ocean_menu_typo_font_size_mobile":0,"ocean_menu_typo_font_size_unit":"px","ocean_menu_typo_font_weight":"","ocean_menu_typo_font_weight_tablet":"","ocean_menu_typo_font_weight_mobile":"","ocean_menu_typo_transform":"","ocean_menu_typo_transform_tablet":"","ocean_menu_typo_transform_mobile":"","ocean_menu_typo_line_height":0,"ocean_menu_typo_line_height_tablet":0,"ocean_menu_typo_line_height_mobile":0,"ocean_menu_typo_line_height_unit":"","ocean_menu_typo_spacing":0,"ocean_menu_typo_spacing_tablet":0,"ocean_menu_typo_spacing_mobile":0,"ocean_menu_typo_spacing_unit":"","ocean_menu_link_color":"","ocean_menu_link_color_hover":"","ocean_menu_link_color_active":"","ocean_menu_link_background":"","ocean_menu_link_hover_background":"","ocean_menu_link_active_background":"","ocean_menu_social_links_bg":"","ocean_menu_social_hover_links_bg":"","ocean_menu_social_links_color":"","ocean_menu_social_hover_links_color":"","ocean_disable_title":"default","ocean_disable_heading":"default","ocean_post_title":"","ocean_post_subheading":"","ocean_post_title_style":"","ocean_post_title_background_color":"","ocean_post_title_background":0,"ocean_post_title_bg_image_position":"","ocean_post_title_bg_image_attachment":"","ocean_post_title_bg_image_repeat":"","ocean_post_title_bg_image_size":"","ocean_post_title_height":0,"ocean_post_title_bg_overlay":0.5,"ocean_post_title_bg_overlay_color":"","ocean_disable_breadcrumbs":"default","ocean_breadcrumbs_color":"","ocean_breadcrumbs_separator_color":"","ocean_breadcrumbs_links_color":"","ocean_breadcrumbs_links_hover_color":"","ocean_display_footer_widgets":"default","ocean_display_footer_bottom":"default","ocean_custom_footer_template":"","footnotes":""},"class_list":["post-617","page","type-page","status-publish","hentry","entry","owp-thumbs-layout-horizontal","owp-btn-normal","owp-tabs-layout-horizontal","has-no-thumbnails","has-product-nav"],"yoast_head":"<!-- This site is optimized with the Yoast SEO plugin v27.3 - https:\/\/yoast.com\/product\/yoast-seo-wordpress\/ -->\n<title>Company Details | The Sanctuary Of Truth Info - Triplyn Holidays<\/title>\n<meta name=\"description\" content=\"Discover Detailed Company Information For The Sanctuary Of Truth Tickets. Contact, Address And Booking Details.\" \/>\n<meta name=\"robots\" content=\"noindex, follow\" \/>\n<meta property=\"og:locale\" content=\"vi_VN\" \/>\n<meta property=\"og:type\" content=\"article\" \/>\n<meta property=\"og:title\" content=\"Company Details | The Sanctuary Of Truth Info - Triplyn Holidays\" \/>\n<meta property=\"og:description\" content=\"Discover Detailed Company Information For The Sanctuary Of Truth Tickets. Contact, Address And Booking Details.\" \/>\n<meta property=\"og:url\" content=\"https:\/\/sanctuaryoftruthtickets.com\/vi\/chi-tiet-cong-ty\/\" \/>\n<meta property=\"og:site_name\" content=\"The Sanctuary Of Truth\" \/>\n<meta property=\"article:modified_time\" content=\"2025-01-16T00:10:54+00:00\" \/>\n<meta name=\"twitter:card\" content=\"summary_large_image\" \/>\n<meta name=\"twitter:label1\" content=\"\u01af\u1edbc t\u00ednh th\u1eddi gian \u0111\u1ecdc\" \/>\n\t<meta name=\"twitter:data1\" content=\"2 ph\u00fat\" \/>\n<script type=\"application\/ld+json\" class=\"yoast-schema-graph\">{\"@context\":\"https:\\\/\\\/schema.org\",\"@graph\":[{\"@type\":\"WebPage\",\"@id\":\"https:\\\/\\\/sanctuaryoftruthtickets.com\\\/company-details\\\/\",\"url\":\"https:\\\/\\\/sanctuaryoftruthtickets.com\\\/company-details\\\/\",\"name\":\"Company Details | The Sanctuary Of Truth Info - Triplyn Holidays\",\"isPartOf\":{\"@id\":\"https:\\\/\\\/sanctuaryoftruthtickets.com\\\/#website\"},\"datePublished\":\"2024-09-04T10:51:40+00:00\",\"dateModified\":\"2025-01-16T00:10:54+00:00\",\"description\":\"Discover Detailed Company Information For The Sanctuary Of Truth Tickets. Contact, Address And Booking Details.\",\"breadcrumb\":{\"@id\":\"https:\\\/\\\/sanctuaryoftruthtickets.com\\\/company-details\\\/#breadcrumb\"},\"inLanguage\":\"vi\",\"potentialAction\":[{\"@type\":\"ReadAction\",\"target\":[\"https:\\\/\\\/sanctuaryoftruthtickets.com\\\/company-details\\\/\"]}]},{\"@type\":\"BreadcrumbList\",\"@id\":\"https:\\\/\\\/sanctuaryoftruthtickets.com\\\/company-details\\\/#breadcrumb\",\"itemListElement\":[{\"@type\":\"ListItem\",\"position\":1,\"name\":\"Home\",\"item\":\"https:\\\/\\\/sanctuaryoftruthtickets.com\\\/\"},{\"@type\":\"ListItem\",\"position\":2,\"name\":\"Company Details\"}]},{\"@type\":\"WebSite\",\"@id\":\"https:\\\/\\\/sanctuaryoftruthtickets.com\\\/#website\",\"url\":\"https:\\\/\\\/sanctuaryoftruthtickets.com\\\/\",\"name\":\"The Sanctuary Of Truth\",\"description\":\"\",\"publisher\":{\"@id\":\"https:\\\/\\\/sanctuaryoftruthtickets.com\\\/#organization\"},\"potentialAction\":[{\"@type\":\"SearchAction\",\"target\":{\"@type\":\"EntryPoint\",\"urlTemplate\":\"https:\\\/\\\/sanctuaryoftruthtickets.com\\\/?s={search_term_string}\"},\"query-input\":{\"@type\":\"PropertyValueSpecification\",\"valueRequired\":true,\"valueName\":\"search_term_string\"}}],\"inLanguage\":\"vi\"},{\"@type\":\"Organization\",\"@id\":\"https:\\\/\\\/sanctuaryoftruthtickets.com\\\/#organization\",\"name\":\"The Sanctuary Of Truth\",\"url\":\"https:\\\/\\\/sanctuaryoftruthtickets.com\\\/\",\"logo\":{\"@type\":\"ImageObject\",\"inLanguage\":\"vi\",\"@id\":\"https:\\\/\\\/sanctuaryoftruthtickets.com\\\/#\\\/schema\\\/logo\\\/image\\\/\",\"url\":\"https:\\\/\\\/sanctuaryoftruthtickets.com\\\/wp-content\\\/uploads\\\/2024\\\/08\\\/Sanctuary-Of-Truth.png\",\"contentUrl\":\"https:\\\/\\\/sanctuaryoftruthtickets.com\\\/wp-content\\\/uploads\\\/2024\\\/08\\\/Sanctuary-Of-Truth.png\",\"width\":350,\"height\":100,\"caption\":\"The Sanctuary Of Truth\"},\"image\":{\"@id\":\"https:\\\/\\\/sanctuaryoftruthtickets.com\\\/#\\\/schema\\\/logo\\\/image\\\/\"}}]}<\/script>\n<!-- \/ Yoast SEO plugin. -->","yoast_head_json":{"title":"Chi ti\u1ebft c\u00f4ng ty | Th\u00f4ng tin Sanctuary Of Truth - Triplyn Holidays","description":"Kh\u00e1m ph\u00e1 th\u00f4ng tin chi ti\u1ebft v\u1ec1 c\u00f4ng ty b\u00e1n v\u00e9 Sanctuary Of Truth. Li\u00ean h\u1ec7, \u0111\u1ecba ch\u1ec9 v\u00e0 chi ti\u1ebft \u0111\u1eb7t v\u00e9.","robots":{"index":"noindex","follow":"follow"},"og_locale":"vi_VN","og_type":"article","og_title":"Company Details | The Sanctuary Of Truth Info - Triplyn Holidays","og_description":"Discover Detailed Company Information For The Sanctuary Of Truth Tickets. Contact, Address And Booking Details.","og_url":"https:\/\/sanctuaryoftruthtickets.com\/vi\/chi-tiet-cong-ty\/","og_site_name":"The Sanctuary Of Truth","article_modified_time":"2025-01-16T00:10:54+00:00","twitter_card":"summary_large_image","twitter_misc":{"\u01af\u1edbc t\u00ednh th\u1eddi gian \u0111\u1ecdc":"2 ph\u00fat"},"schema":{"@context":"https:\/\/schema.org","@graph":[{"@type":"WebPage","@id":"https:\/\/sanctuaryoftruthtickets.com\/company-details\/","url":"https:\/\/sanctuaryoftruthtickets.com\/company-details\/","name":"Chi ti\u1ebft c\u00f4ng ty | Th\u00f4ng tin Sanctuary Of Truth - Triplyn Holidays","isPartOf":{"@id":"https:\/\/sanctuaryoftruthtickets.com\/#website"},"datePublished":"2024-09-04T10:51:40+00:00","dateModified":"2025-01-16T00:10:54+00:00","description":"Kh\u00e1m ph\u00e1 th\u00f4ng tin chi ti\u1ebft v\u1ec1 c\u00f4ng ty b\u00e1n v\u00e9 Sanctuary Of Truth. Li\u00ean h\u1ec7, \u0111\u1ecba ch\u1ec9 v\u00e0 chi ti\u1ebft \u0111\u1eb7t v\u00e9.","breadcrumb":{"@id":"https:\/\/sanctuaryoftruthtickets.com\/company-details\/#breadcrumb"},"inLanguage":"vi","potentialAction":[{"@type":"ReadAction","target":["https:\/\/sanctuaryoftruthtickets.com\/company-details\/"]}]},{"@type":"BreadcrumbList","@id":"https:\/\/sanctuaryoftruthtickets.com\/company-details\/#breadcrumb","itemListElement":[{"@type":"ListItem","position":1,"name":"Home","item":"https:\/\/sanctuaryoftruthtickets.com\/"},{"@type":"ListItem","position":2,"name":"Company Details"}]},{"@type":"WebSite","@id":"https:\/\/sanctuaryoftruthtickets.com\/#website","url":"https:\/\/sanctuaryoftruthtickets.com\/","name":"N\u01a1i \u1ea9n n\u00e1u c\u1ee7a s\u1ef1 th\u1eadt","description":"","publisher":{"@id":"https:\/\/sanctuaryoftruthtickets.com\/#organization"},"potentialAction":[{"@type":"SearchAction","target":{"@type":"EntryPoint","urlTemplate":"https:\/\/sanctuaryoftruthtickets.com\/?s={search_term_string}"},"query-input":{"@type":"PropertyValueSpecification","valueRequired":true,"valueName":"search_term_string"}}],"inLanguage":"vi"},{"@type":"Organization","@id":"https:\/\/sanctuaryoftruthtickets.com\/#organization","name":"N\u01a1i \u1ea9n n\u00e1u c\u1ee7a s\u1ef1 th\u1eadt","url":"https:\/\/sanctuaryoftruthtickets.com\/","logo":{"@type":"ImageObject","inLanguage":"vi","@id":"https:\/\/sanctuaryoftruthtickets.com\/#\/schema\/logo\/image\/","url":"https:\/\/sanctuaryoftruthtickets.com\/wp-content\/uploads\/2024\/08\/Sanctuary-Of-Truth.png","contentUrl":"https:\/\/sanctuaryoftruthtickets.com\/wp-content\/uploads\/2024\/08\/Sanctuary-Of-Truth.png","width":350,"height":100,"caption":"The Sanctuary Of Truth"},"image":{"@id":"https:\/\/sanctuaryoftruthtickets.com\/#\/schema\/logo\/image\/"}}]}},"jetpack_sharing_enabled":true,"_links":{"self":[{"href":"https:\/\/sanctuaryoftruthtickets.com\/vi\/wp-json\/wp\/v2\/pages\/617","targetHints":{"allow":["GET"]}}],"collection":[{"href":"https:\/\/sanctuaryoftruthtickets.com\/vi\/wp-json\/wp\/v2\/pages"}],"about":[{"href":"https:\/\/sanctuaryoftruthtickets.com\/vi\/wp-json\/wp\/v2\/types\/page"}],"author":[{"embeddable":true,"href":"https:\/\/sanctuaryoftruthtickets.com\/vi\/wp-json\/wp\/v2\/users\/1"}],"replies":[{"embeddable":true,"href":"https:\/\/sanctuaryoftruthtickets.com\/vi\/wp-json\/wp\/v2\/comments?post=617"}],"version-history":[{"count":20,"href":"https:\/\/sanctuaryoftruthtickets.com\/vi\/wp-json\/wp\/v2\/pages\/617\/revisions"}],"predecessor-version":[{"id":3365,"href":"https:\/\/sanctuaryoftruthtickets.com\/vi\/wp-json\/wp\/v2\/pages\/617\/revisions\/3365"}],"wp:attachment":[{"href":"https:\/\/sanctuaryoftruthtickets.com\/vi\/wp-json\/wp\/v2\/media?parent=617"}],"curies":[{"name":"wp","href":"https:\/\/api.w.org\/{rel}","templated":true}]}}